{"id":2160,"date":"2023-07-10T15:17:25","date_gmt":"2023-07-10T13:17:25","guid":{"rendered":"https:\/\/dinetteetgateaux.fr\/gourmandises\/request-a-quote\/"},"modified":"2023-07-10T15:17:25","modified_gmt":"2023-07-10T13:17:25","slug":"request-a-quote","status":"publish","type":"page","link":"https:\/\/dinetteetgateaux.fr\/gourmandises\/request-a-quote\/","title":{"rendered":"Request a quote"},"content":{"rendered":"<p>[request_a_quote]<\/p>\n","protected":false},"excerpt":{"rendered":"<p>[request_a_quote]<\/p>\n","protected":false},"author":1,"featured_media":0,"parent":0,"menu_order":0,"comment_status":"closed","ping_status":"closed","template":"","meta":{"_et_pb_use_builder":"","_et_pb_old_content":"","_et_gb_content_width":"","footnotes":""},"class_list":["post-2160","page","type-page","status-publish","hentry"],"yoast_head":"<!-- This site is optimized with the Yoast SEO plugin v27.5 - https:\/\/yoast.com\/product\/yoast-seo-wordpress\/ -->\n<title>Request a quote | Dinette et G\u00e2teaux<\/title>\n<meta name=\"description\" content=\"Request a quote | Dinette et G\u00e2teaux | Gourmandises et p\u00e2tisseries sur mesure | 01600 MISERIEUX | Ain et Rh\u00f4ne | 69\" \/>\n<meta name=\"robots\" content=\"index, follow, max-snippet:-1, max-image-preview:large, max-video-preview:-1\" \/>\n<link rel=\"canonical\" href=\"https:\/\/dinetteetgateaux.fr\/gourmandises\/request-a-quote\/\" \/>\n<meta property=\"og:locale\" content=\"fr_FR\" \/>\n<meta property=\"og:type\" content=\"article\" \/>\n<meta property=\"og:title\" content=\"Request a quote | Dinette et G\u00e2teaux\" \/>\n<meta property=\"og:description\" content=\"Request a quote | Dinette et G\u00e2teaux | Gourmandises et p\u00e2tisseries sur mesure | 01600 MISERIEUX | Ain et Rh\u00f4ne | 69\" \/>\n<meta property=\"og:url\" content=\"https:\/\/dinetteetgateaux.fr\/gourmandises\/request-a-quote\/\" \/>\n<meta property=\"og:site_name\" content=\"Dinette et Gateaux\" \/>\n<meta property=\"article:publisher\" content=\"https:\/\/www.facebook.com\/dinetteetgateaux\/\" \/>\n<meta name=\"twitter:card\" content=\"summary_large_image\" \/>\n<script type=\"application\/ld+json\" class=\"yoast-schema-graph\">{\"@context\":\"https:\\\/\\\/schema.org\",\"@graph\":[{\"@type\":\"WebPage\",\"@id\":\"https:\\\/\\\/dinetteetgateaux.fr\\\/gourmandises\\\/request-a-quote\\\/\",\"url\":\"https:\\\/\\\/dinetteetgateaux.fr\\\/gourmandises\\\/request-a-quote\\\/\",\"name\":\"Request a quote | Dinette et G\u00e2teaux\",\"isPartOf\":{\"@id\":\"https:\\\/\\\/dinetteetgateaux.fr\\\/gourmandises\\\/#website\"},\"datePublished\":\"2023-07-10T13:17:25+00:00\",\"description\":\"Request a quote | Dinette et G\u00e2teaux | Gourmandises et p\u00e2tisseries sur mesure | 01600 MISERIEUX | Ain et Rh\u00f4ne | 69\",\"breadcrumb\":{\"@id\":\"https:\\\/\\\/dinetteetgateaux.fr\\\/gourmandises\\\/request-a-quote\\\/#breadcrumb\"},\"inLanguage\":\"fr-FR\",\"potentialAction\":[{\"@type\":\"ReadAction\",\"target\":[\"https:\\\/\\\/dinetteetgateaux.fr\\\/gourmandises\\\/request-a-quote\\\/\"]}]},{\"@type\":\"BreadcrumbList\",\"@id\":\"https:\\\/\\\/dinetteetgateaux.fr\\\/gourmandises\\\/request-a-quote\\\/#breadcrumb\",\"itemListElement\":[{\"@type\":\"ListItem\",\"position\":1,\"name\":\"Accueil\",\"item\":\"https:\\\/\\\/dinetteetgateaux.fr\\\/gourmandises\\\/\"},{\"@type\":\"ListItem\",\"position\":2,\"name\":\"Request a quote\"}]},{\"@type\":\"WebSite\",\"@id\":\"https:\\\/\\\/dinetteetgateaux.fr\\\/gourmandises\\\/#website\",\"url\":\"https:\\\/\\\/dinetteetgateaux.fr\\\/gourmandises\\\/\",\"name\":\"Dinette et G\u00e2teaux\",\"description\":\"P\u00e2tisseries et gourmandises personnalis\u00e9es | Ain et Rh\u00f4ne | G\u00e2teaux pour vos \u00e9v\u00e9nements, meringues sur mesure | Cake design\",\"publisher\":{\"@id\":\"https:\\\/\\\/dinetteetgateaux.fr\\\/gourmandises\\\/#organization\"},\"alternateName\":\"Gourmandises et p\u00e2tisserie sur mesure\",\"potentialAction\":[{\"@type\":\"SearchAction\",\"target\":{\"@type\":\"EntryPoint\",\"urlTemplate\":\"https:\\\/\\\/dinetteetgateaux.fr\\\/gourmandises\\\/?s={search_term_string}\"},\"query-input\":{\"@type\":\"PropertyValueSpecification\",\"valueRequired\":true,\"valueName\":\"search_term_string\"}}],\"inLanguage\":\"fr-FR\"},{\"@type\":\"Organization\",\"@id\":\"https:\\\/\\\/dinetteetgateaux.fr\\\/gourmandises\\\/#organization\",\"name\":\"Dinette et G\u00e2teaux\",\"url\":\"https:\\\/\\\/dinetteetgateaux.fr\\\/gourmandises\\\/\",\"logo\":{\"@type\":\"ImageObject\",\"inLanguage\":\"fr-FR\",\"@id\":\"https:\\\/\\\/dinetteetgateaux.fr\\\/gourmandises\\\/#\\\/schema\\\/logo\\\/image\\\/\",\"url\":\"https:\\\/\\\/dinetteetgateaux.fr\\\/gourmandises\\\/wp-content\\\/uploads\\\/2023\\\/04\\\/Logo-Dinette-et-Gateaux.png\",\"contentUrl\":\"https:\\\/\\\/dinetteetgateaux.fr\\\/gourmandises\\\/wp-content\\\/uploads\\\/2023\\\/04\\\/Logo-Dinette-et-Gateaux.png\",\"width\":250,\"height\":250,\"caption\":\"Dinette et G\u00e2teaux\"},\"image\":{\"@id\":\"https:\\\/\\\/dinetteetgateaux.fr\\\/gourmandises\\\/#\\\/schema\\\/logo\\\/image\\\/\"},\"sameAs\":[\"https:\\\/\\\/www.facebook.com\\\/dinetteetgateaux\\\/\",\"https:\\\/\\\/www.instagram.com\\\/dinetteetgateaux\\\/\"]}]}<\/script>\n<!-- \/ Yoast SEO plugin. -->","yoast_head_json":{"title":"Request a quote | Dinette et G\u00e2teaux","description":"Request a quote | Dinette et G\u00e2teaux | Gourmandises et p\u00e2tisseries sur mesure | 01600 MISERIEUX | Ain et Rh\u00f4ne | 69","robots":{"index":"index","follow":"follow","max-snippet":"max-snippet:-1","max-image-preview":"max-image-preview:large","max-video-preview":"max-video-preview:-1"},"canonical":"https:\/\/dinetteetgateaux.fr\/gourmandises\/request-a-quote\/","og_locale":"fr_FR","og_type":"article","og_title":"Request a quote | Dinette et G\u00e2teaux","og_description":"Request a quote | Dinette et G\u00e2teaux | Gourmandises et p\u00e2tisseries sur mesure | 01600 MISERIEUX | Ain et Rh\u00f4ne | 69","og_url":"https:\/\/dinetteetgateaux.fr\/gourmandises\/request-a-quote\/","og_site_name":"Dinette et Gateaux","article_publisher":"https:\/\/www.facebook.com\/dinetteetgateaux\/","twitter_card":"summary_large_image","schema":{"@context":"https:\/\/schema.org","@graph":[{"@type":"WebPage","@id":"https:\/\/dinetteetgateaux.fr\/gourmandises\/request-a-quote\/","url":"https:\/\/dinetteetgateaux.fr\/gourmandises\/request-a-quote\/","name":"Request a quote | Dinette et G\u00e2teaux","isPartOf":{"@id":"https:\/\/dinetteetgateaux.fr\/gourmandises\/#website"},"datePublished":"2023-07-10T13:17:25+00:00","description":"Request a quote | Dinette et G\u00e2teaux | Gourmandises et p\u00e2tisseries sur mesure | 01600 MISERIEUX | Ain et Rh\u00f4ne | 69","breadcrumb":{"@id":"https:\/\/dinetteetgateaux.fr\/gourmandises\/request-a-quote\/#breadcrumb"},"inLanguage":"fr-FR","potentialAction":[{"@type":"ReadAction","target":["https:\/\/dinetteetgateaux.fr\/gourmandises\/request-a-quote\/"]}]},{"@type":"BreadcrumbList","@id":"https:\/\/dinetteetgateaux.fr\/gourmandises\/request-a-quote\/#breadcrumb","itemListElement":[{"@type":"ListItem","position":1,"name":"Accueil","item":"https:\/\/dinetteetgateaux.fr\/gourmandises\/"},{"@type":"ListItem","position":2,"name":"Request a quote"}]},{"@type":"WebSite","@id":"https:\/\/dinetteetgateaux.fr\/gourmandises\/#website","url":"https:\/\/dinetteetgateaux.fr\/gourmandises\/","name":"Dinette et G\u00e2teaux","description":"P\u00e2tisseries et gourmandises personnalis\u00e9es | Ain et Rh\u00f4ne | G\u00e2teaux pour vos \u00e9v\u00e9nements, meringues sur mesure | Cake design","publisher":{"@id":"https:\/\/dinetteetgateaux.fr\/gourmandises\/#organization"},"alternateName":"Gourmandises et p\u00e2tisserie sur mesure","potentialAction":[{"@type":"SearchAction","target":{"@type":"EntryPoint","urlTemplate":"https:\/\/dinetteetgateaux.fr\/gourmandises\/?s={search_term_string}"},"query-input":{"@type":"PropertyValueSpecification","valueRequired":true,"valueName":"search_term_string"}}],"inLanguage":"fr-FR"},{"@type":"Organization","@id":"https:\/\/dinetteetgateaux.fr\/gourmandises\/#organization","name":"Dinette et G\u00e2teaux","url":"https:\/\/dinetteetgateaux.fr\/gourmandises\/","logo":{"@type":"ImageObject","inLanguage":"fr-FR","@id":"https:\/\/dinetteetgateaux.fr\/gourmandises\/#\/schema\/logo\/image\/","url":"https:\/\/dinetteetgateaux.fr\/gourmandises\/wp-content\/uploads\/2023\/04\/Logo-Dinette-et-Gateaux.png","contentUrl":"https:\/\/dinetteetgateaux.fr\/gourmandises\/wp-content\/uploads\/2023\/04\/Logo-Dinette-et-Gateaux.png","width":250,"height":250,"caption":"Dinette et G\u00e2teaux"},"image":{"@id":"https:\/\/dinetteetgateaux.fr\/gourmandises\/#\/schema\/logo\/image\/"},"sameAs":["https:\/\/www.facebook.com\/dinetteetgateaux\/","https:\/\/www.instagram.com\/dinetteetgateaux\/"]}]}},"_links":{"self":[{"href":"https:\/\/dinetteetgateaux.fr\/gourmandises\/wp-json\/wp\/v2\/pages\/2160","targetHints":{"allow":["GET"]}}],"collection":[{"href":"https:\/\/dinetteetgateaux.fr\/gourmandises\/wp-json\/wp\/v2\/pages"}],"about":[{"href":"https:\/\/dinetteetgateaux.fr\/gourmandises\/wp-json\/wp\/v2\/types\/page"}],"author":[{"embeddable":true,"href":"https:\/\/dinetteetgateaux.fr\/gourmandises\/wp-json\/wp\/v2\/users\/1"}],"replies":[{"embeddable":true,"href":"https:\/\/dinetteetgateaux.fr\/gourmandises\/wp-json\/wp\/v2\/comments?post=2160"}],"version-history":[{"count":0,"href":"https:\/\/dinetteetgateaux.fr\/gourmandises\/wp-json\/wp\/v2\/pages\/2160\/revisions"}],"wp:attachment":[{"href":"https:\/\/dinetteetgateaux.fr\/gourmandises\/wp-json\/wp\/v2\/media?parent=2160"}],"curies":[{"name":"wp","href":"https:\/\/api.w.org\/{rel}","templated":true}]}}