{"id":3921,"date":"2023-08-01T09:53:04","date_gmt":"2023-08-01T07:53:04","guid":{"rendered":"https:\/\/dinetteetgateaux.fr\/gourmandises\/?page_id=3921"},"modified":"2023-08-01T15:29:37","modified_gmt":"2023-08-01T13:29:37","slug":"mentions-legales-et-confidentialite","status":"publish","type":"page","link":"https:\/\/dinetteetgateaux.fr\/gourmandises\/mentions-legales-et-confidentialite\/","title":{"rendered":"Mentions l\u00e9gales et confidentialit\u00e9"},"content":{"rendered":"<p>[et_pb_section fb_built=\u00a0\u00bb1&Prime; _builder_version=\u00a0\u00bb4.21.0&Prime; _module_preset=\u00a0\u00bbdefault\u00a0\u00bb background_image=\u00a0\u00bbhttps:\/\/dinetteetgateaux.fr\/gourmandises\/wp-content\/uploads\/2023\/05\/cookie.png\u00a0\u00bb background_size=\u00a0\u00bbinitial\u00a0\u00bb background_position=\u00a0\u00bbbottom_left\u00a0\u00bb custom_padding=\u00a0\u00bb11px||4px|||\u00a0\u00bb global_colors_info=\u00a0\u00bb{}\u00a0\u00bb][et_pb_row column_structure=\u00a0\u00bb1_2,1_2&Prime; use_custom_gutter=\u00a0\u00bbon\u00a0\u00bb gutter_width=\u00a0\u00bb1&Prime; make_equal=\u00a0\u00bbon\u00a0\u00bb module_id=\u00a0\u00bbmentions\u00a0\u00bb _builder_version=\u00a0\u00bb4.21.0&Prime; _module_preset=\u00a0\u00bbdefault\u00a0\u00bb custom_padding=\u00a0\u00bb16px||0px||false|false\u00a0\u00bb global_colors_info=\u00a0\u00bb{}\u00a0\u00bb][et_pb_column type=\u00a0\u00bb1_2&Prime; _builder_version=\u00a0\u00bb4.21.0&Prime; _module_preset=\u00a0\u00bbdefault\u00a0\u00bb global_colors_info=\u00a0\u00bb{}\u00a0\u00bb][et_pb_text _builder_version=\u00a0\u00bb4.21.0&Prime; _module_preset=\u00a0\u00bbdefault\u00a0\u00bb text_font=\u00a0\u00bbCourgette||||||||\u00a0\u00bb text_text_color=\u00a0\u00bb#BBA3CE\u00a0\u00bb text_font_size=\u00a0\u00bb22px\u00a0\u00bb text_line_height=\u00a0\u00bb1.8em\u00a0\u00bb custom_padding=\u00a0\u00bb||12px||false|false\u00a0\u00bb animation_style=\u00a0\u00bbslide\u00a0\u00bb animation_direction=\u00a0\u00bbtop\u00a0\u00bb global_colors_info=\u00a0\u00bb{}\u00a0\u00bb]<\/p>\n<p>Mentions l\u00e9gales<\/p>\n<p>[\/et_pb_text][\/et_pb_column][et_pb_column type=\u00a0\u00bb1_2&Prime; _builder_version=\u00a0\u00bb4.21.0&Prime; _module_preset=\u00a0\u00bbdefault\u00a0\u00bb global_colors_info=\u00a0\u00bb{}\u00a0\u00bb][\/et_pb_column][\/et_pb_row][et_pb_row use_custom_gutter=\u00a0\u00bbon\u00a0\u00bb gutter_width=\u00a0\u00bb1&Prime; make_equal=\u00a0\u00bbon\u00a0\u00bb _builder_version=\u00a0\u00bb4.21.0&Prime; _module_preset=\u00a0\u00bbdefault\u00a0\u00bb custom_padding=\u00a0\u00bb0px||9px||false|false\u00a0\u00bb global_colors_info=\u00a0\u00bb{}\u00a0\u00bb][et_pb_column type=\u00a0\u00bb4_4&Prime; _builder_version=\u00a0\u00bb4.21.0&Prime; _module_preset=\u00a0\u00bbdefault\u00a0\u00bb global_colors_info=\u00a0\u00bb{}\u00a0\u00bb][et_pb_text _builder_version=\u00a0\u00bb4.21.0&Prime; _module_preset=\u00a0\u00bbdefault\u00a0\u00bb custom_padding=\u00a0\u00bb12px||20px||false|false\u00a0\u00bb hover_enabled=\u00a0\u00bb0&Prime; global_colors_info=\u00a0\u00bb{}\u00a0\u00bb sticky_enabled=\u00a0\u00bb0&Prime;]<\/p>\n<p><strong>Propri\u00e9t\u00e9 du site :<br \/><\/strong>SARL Dinette et G\u00e2teaux<br \/>260 grande rue 01600 Mis\u00e9rieux<br \/>Siret : 90812098300014 \u2013 APE : 1071D<br \/>RCS : 908120983 RCS Bourg-en-Bresse<br \/>TVA intracom : FR 09908120983 \u2013 Capital : 3 000,00\u20ac<\/p>\n<p><strong>Direction de publication :<\/strong><br \/>Amandine Cavalca, g\u00e9rante<br \/><a href=\"mailto:amandine@dinetteetgateaux.fr\">amandine@dinetteetgateaux.fr<\/a><br \/>07 81 57 31 23<\/p>\n<p><strong>Cr\u00e9ation du site :<br \/><\/strong>Marie-Laure Cathelin E.I.<br \/><a href=\"https:\/\/www.mlcat.com\" target=\"_blank\" rel=\"noopener\">www.mlcat.com<\/a><\/p>\n<p><strong>H\u00e9bergement :<br \/><\/strong>Hostinger<br \/><a href=\"https:\/\/www.hostinger.fr\/a-propos\" target=\"_blank\" rel=\"noopener\">www.hostinger.fr<\/a><\/p>\n<p>[\/et_pb_text][\/et_pb_column][\/et_pb_row][et_pb_row column_structure=\u00a0\u00bb1_2,1_2&Prime; use_custom_gutter=\u00a0\u00bbon\u00a0\u00bb gutter_width=\u00a0\u00bb1&Prime; make_equal=\u00a0\u00bbon\u00a0\u00bb module_id=\u00a0\u00bbmentions\u00a0\u00bb _builder_version=\u00a0\u00bb4.21.0&Prime; _module_preset=\u00a0\u00bbdefault\u00a0\u00bb custom_padding=\u00a0\u00bb16px||0px||false|false\u00a0\u00bb global_colors_info=\u00a0\u00bb{}\u00a0\u00bb][et_pb_column type=\u00a0\u00bb1_2&Prime; _builder_version=\u00a0\u00bb4.21.0&Prime; _module_preset=\u00a0\u00bbdefault\u00a0\u00bb global_colors_info=\u00a0\u00bb{}\u00a0\u00bb][et_pb_text module_id=\u00a0\u00bbconfidentialite\u00a0\u00bb _builder_version=\u00a0\u00bb4.21.0&Prime; _module_preset=\u00a0\u00bbdefault\u00a0\u00bb text_font=\u00a0\u00bbCourgette||||||||\u00a0\u00bb text_text_color=\u00a0\u00bb#BBA3CE\u00a0\u00bb text_font_size=\u00a0\u00bb22px\u00a0\u00bb text_line_height=\u00a0\u00bb1.8em\u00a0\u00bb custom_padding=\u00a0\u00bb||12px||false|false\u00a0\u00bb animation_style=\u00a0\u00bbslide\u00a0\u00bb animation_direction=\u00a0\u00bbtop\u00a0\u00bb global_colors_info=\u00a0\u00bb{}\u00a0\u00bb]<\/p>\n<p>Politique de confidentialit\u00e9<\/p>\n<p>[\/et_pb_text][\/et_pb_column][et_pb_column type=\u00a0\u00bb1_2&Prime; _builder_version=\u00a0\u00bb4.21.0&Prime; _module_preset=\u00a0\u00bbdefault\u00a0\u00bb global_colors_info=\u00a0\u00bb{}\u00a0\u00bb][\/et_pb_column][\/et_pb_row][et_pb_row use_custom_gutter=\u00a0\u00bbon\u00a0\u00bb gutter_width=\u00a0\u00bb1&Prime; make_equal=\u00a0\u00bbon\u00a0\u00bb _builder_version=\u00a0\u00bb4.21.0&Prime; _module_preset=\u00a0\u00bbdefault\u00a0\u00bb custom_padding=\u00a0\u00bb0px||9px||false|false\u00a0\u00bb global_colors_info=\u00a0\u00bb{}\u00a0\u00bb][et_pb_column type=\u00a0\u00bb4_4&Prime; _builder_version=\u00a0\u00bb4.21.0&Prime; _module_preset=\u00a0\u00bbdefault\u00a0\u00bb global_colors_info=\u00a0\u00bb{}\u00a0\u00bb][et_pb_text _builder_version=\u00a0\u00bb4.21.0&Prime; _module_preset=\u00a0\u00bbdefault\u00a0\u00bb custom_padding=\u00a0\u00bb12px||20px||false|false\u00a0\u00bb hover_enabled=\u00a0\u00bb0&Prime; global_colors_info=\u00a0\u00bb{}\u00a0\u00bb sticky_enabled=\u00a0\u00bb0&Prime;]<\/p>\n<p>Je m\u2019engage \u00e0 respecter la confidentialit\u00e9 des renseignements personnels que vous fournirez.<\/p>\n<p>Collecte de renseignements personnels :<br \/>Via le formulaire de contact, je collecte les renseignements suivants :<br \/>\u2013 Nom \/Pr\u00e9nom, mail, t\u00e9l\u00e9phone.<br \/>Ces renseignements personnels sont recueillis gr\u00e2ce \u00e0 l\u2019interactivit\u00e9 \u00e9tablie entre vous et le site Web.<\/p>\n<p>Via les commandes ou demande devis, je collecte les renseignements suivants :<br \/>&#8211; Nom \/Pr\u00e9nom, mail, t\u00e9l\u00e9phone, adresse postale.<\/p>\n<p>Vos renseignements personnels sont collect\u00e9s par le biais des formulaires et ne sont utilis\u00e9s que pour les finalit\u00e9s suivantes : pouvoir vous recontacter afin de r\u00e9pondre \u00e0 votre demande d\u2019information ou de devis, vous envoyer votre commande, vous envoyer ma newsletter lorsque vous acez choisi de vous y abonner.\u00a0<\/p>\n<p><strong>Droit d\u2019opposition et de retrait :<\/strong><br \/>Je m\u2019engage \u00e0 vous offrir un droit d\u2019opposition (refuser que vos renseignements personnels soient utilis\u00e9s) et de retrait (demander \u00e0 ce que vos renseignements personnels ne figurent plus dans mes contacts).<br \/>Je m\u2019engage \u00e9galement \u00e0 reconna\u00eetre un droit d\u2019acc\u00e8s et de rectification aux personnes concern\u00e9es d\u00e9sireuses de modifier ou radier les informations les concernant.<br \/>Pour pouvoir exercer ces droits, vous pouvez m\u2019\u00e9crire \u00e0 l\u2019adresse suivante :<br \/>SARL Dinette et G\u00e2teaux 260 grande rue 01600 Mis\u00e9rieux ou par mail <a href=\"mailto:amandine@dinetteetgateaux.fr\">amandine@dinetteetgateaux.fr<\/a> ou via le compte que vous avez cr\u00e9e sur mon site.<\/p>\n<p><strong>S\u00e9curit\u00e9 :<\/strong><br \/>Les renseignements personnels que vous fournissez sont conserv\u00e9s dans un environnement s\u00e9curis\u00e9. Nous respectons la confidentialit\u00e9 de vos informations. Les mesures suivantes sont utilis\u00e9es pour assurer la s\u00e9curit\u00e9 de vos renseignements : <br \/>\u2013 Protocole SSL (Secure Sockets Layer)<br \/>\u2013 Gestion des formulaires de contact, des commandes et de l\u2019acc\u00e8s au site uniquement par les personnes autoris\u00e9es par identifiant et mot de passe<\/p>\n<p>Je m\u2019engage \u00e0 maintenir un haut degr\u00e9 de confidentialit\u00e9 en int\u00e9grant les derni\u00e8res innovations technologiques permettant d\u2019assurer la confidentialit\u00e9 de vos renseignements. Toutefois, comme aucun m\u00e9canisme n\u2019offre une s\u00e9curit\u00e9 maximale, une part de risque est toujours pr\u00e9sente lorsque l\u2019on utilise Internet pour transmettre des renseignements personnels.<\/p>\n<p><strong>L\u00e9gislation<\/strong><br \/>R\u00e8glement (UE) 2016\/679 du Parlement europ\u00e9en et du Conseil du 27 avril 2016 \u2013 R\u00e8glement relatif \u00e0 la protection des personnes physiques \u00e0 l\u2019\u00e9gard du traitement des donn\u00e9es \u00e0 caract\u00e8re personnel et \u00e0 la libre circulation de ces donn\u00e9es, et abrogeant la directive 95\/46\/CE (r\u00e8glement g\u00e9n\u00e9ral sur la protection des donn\u00e9es \u2013 RGPD)<\/p>\n<p>[\/et_pb_text][\/et_pb_column][\/et_pb_row][\/et_pb_section]<\/p>\n","protected":false},"excerpt":{"rendered":"<p>Mentions l\u00e9galesPropri\u00e9t\u00e9 du site :SARL Dinette et G\u00e2teaux260 grande rue 01600 Mis\u00e9rieuxSiret : 90812098300014 \u2013 APE : 1071DRCS : 908120983 RCS Bourg-en-BresseTVA intracom : FR 09908120983 \u2013 Capital : 3 000,00\u20ac Direction de publication :Amandine Cavalca, g\u00e9ranteamandine@dinetteetgateaux.fr07 81 57 31 23 Cr\u00e9ation du site :Marie-Laure Cathelin E.I.www.mlcat.com H\u00e9bergement :Hostingerwww.hostinger.frPolitique de confidentialit\u00e9Je m\u2019engage \u00e0 respecter la [&hellip;]<\/p>\n","protected":false},"author":1,"featured_media":58,"parent":0,"menu_order":0,"comment_status":"closed","ping_status":"closed","template":"","meta":{"_et_pb_use_builder":"on","_et_pb_old_content":"<style>\/*! elementor - v3.6.7 - 03-07-2022 *\/<br \/>\n.elementor-widget-image-carousel .swiper-container{position:static}.elementor-widget-image-carousel .swiper-container .swiper-slide figure{line-height:inherit}.elementor-widget-image-carousel .swiper-slide{text-align:center}.elementor-image-carousel-wrapper:not(.swiper-container-initialized) .swiper-slide{max-width:calc(100% \/ var(--e-image-carousel-slides-to-show, 3))}<\/style>\n<figure><img src=\"https:\/\/dinetteetgateaux.fr\/wp-content\/uploads\/elementor\/thumbs\/IMG_20220606_095347-ppwnrxbbpzdjwieoba0owqf5rtff5fulcrk4hi9tpc.jpg\" alt=\"IMG_20220606_095347\"><\/figure>\n<figure><img src=\"https:\/\/dinetteetgateaux.fr\/wp-content\/uploads\/elementor\/thumbs\/IMG_20220407_205041-ppwnrroakz5tyumv87kxhrue7i77v987bzn7lui6qo.jpg\" alt=\"IMG_20220407_205041\"><\/figure>\n<figure><img src=\"https:\/\/dinetteetgateaux.fr\/wp-content\/uploads\/elementor\/thumbs\/IMG_20220606_095947-ppwnri9womsyqr0ir3insu7s9nhjqa6vyp4ct2w4gw.jpg\" alt=\"IMG_20220606_095947\"><\/figure>\n<figure><img src=\"https:\/\/dinetteetgateaux.fr\/wp-content\/uploads\/elementor\/thumbs\/IMG_20211101_195811-scaled-pj28hwa0bdcxppdsm1zpc4zyr1xmazuplool97gtk0.jpg\" alt=\"IMG_20211101_195811\"><\/figure>\n<a href=\"https:\/\/dinetteetgateaux.fr\/imaginez-le-gateau-de-vos-reves\/\" role=\"button\">\nImaginez le g\u00e2teau de vos r\u00eaves\n<\/a>\n<a href=\"https:\/\/dinetteetgateaux.fr\/decouvrez-mes-autres-gourmandises\/\" role=\"button\">\nD\u00e9couvrez d'autres gourmandises\n<\/a>\n<a href=\"https:\/\/dinetteetgateaux.fr\/trouvez-linspiration-dans-mes-creations\/\" role=\"button\">\nTrouvez l'inspiration dans mes cr\u00e9ations\n<\/a>\n<a href=\"https:\/\/dinetteetgateaux.fr\/contact\/\" role=\"button\">\nDemander un devis ou des informations\n<\/a>\n<a href=\"https:\/\/dinetteetgateaux.fr\/qui-suis-je\/\" role=\"button\">\nQui suis-je ?\n<\/a>\n<a href=\"https:\/\/dinetteetgateaux.fr\/conditions-generales-de-vente\/\" role=\"button\">\nConditions g\u00e9n\u00e9rales de vente\n<\/a>\n\n<a href=\"https:\/\/dinetteetgateaux.fr\/conditions-generales-de-vente\/\">Mentions l\u00e9gales<\/a>\n\n<a href=\"https:\/\/dinetteetgateaux.fr\/politique-de-confidentialite\/\">Politique de confidentialit\u00e9<\/a>","_et_gb_content_width":"1080","footnotes":""},"class_list":["post-3921","page","type-page","status-publish","has-post-thumbnail","hentry"],"yoast_head":"<!-- This site is optimized with the Yoast SEO plugin v27.5 - https:\/\/yoast.com\/product\/yoast-seo-wordpress\/ -->\n<title>Mentions l\u00e9gales et confidentialit\u00e9 | Dinette et G\u00e2teaux<\/title>\n<meta name=\"description\" content=\"Mentions l\u00e9gales et confidentialit\u00e9 | Dinette et G\u00e2teaux | Gourmandises et p\u00e2tisseries sur mesure | 01600 MISERIEUX | Ain et Rh\u00f4ne | 69\" \/>\n<meta name=\"robots\" content=\"index, follow, max-snippet:-1, max-image-preview:large, max-video-preview:-1\" \/>\n<link rel=\"canonical\" href=\"https:\/\/dinetteetgateaux.fr\/gourmandises\/mentions-legales-et-confidentialite\/\" \/>\n<meta property=\"og:locale\" content=\"fr_FR\" \/>\n<meta property=\"og:type\" content=\"article\" \/>\n<meta property=\"og:title\" content=\"Mentions l\u00e9gales et confidentialit\u00e9 | Dinette et G\u00e2teaux\" \/>\n<meta property=\"og:description\" content=\"Mentions l\u00e9gales et confidentialit\u00e9 | Dinette et G\u00e2teaux | Gourmandises et p\u00e2tisseries sur mesure | 01600 MISERIEUX | Ain et Rh\u00f4ne | 69\" \/>\n<meta property=\"og:url\" content=\"https:\/\/dinetteetgateaux.fr\/gourmandises\/mentions-legales-et-confidentialite\/\" \/>\n<meta property=\"og:site_name\" content=\"Dinette et Gateaux\" \/>\n<meta property=\"article:publisher\" content=\"https:\/\/www.facebook.com\/dinetteetgateaux\/\" \/>\n<meta property=\"article:modified_time\" content=\"2023-08-01T13:29:37+00:00\" \/>\n<meta property=\"og:image\" content=\"https:\/\/dinetteetgateaux.fr\/gourmandises\/wp-content\/uploads\/2022\/01\/cropped-icone-site-2.jpg\" \/>\n\t<meta property=\"og:image:width\" content=\"512\" \/>\n\t<meta property=\"og:image:height\" content=\"507\" \/>\n\t<meta property=\"og:image:type\" content=\"image\/jpeg\" \/>\n<meta name=\"twitter:card\" content=\"summary_large_image\" \/>\n<meta name=\"twitter:label1\" content=\"Dur\u00e9e de lecture estim\u00e9e\" \/>\n\t<meta name=\"twitter:data1\" content=\"4 minutes\" \/>\n<script type=\"application\/ld+json\" class=\"yoast-schema-graph\">{\"@context\":\"https:\\\/\\\/schema.org\",\"@graph\":[{\"@type\":\"WebPage\",\"@id\":\"https:\\\/\\\/dinetteetgateaux.fr\\\/gourmandises\\\/mentions-legales-et-confidentialite\\\/\",\"url\":\"https:\\\/\\\/dinetteetgateaux.fr\\\/gourmandises\\\/mentions-legales-et-confidentialite\\\/\",\"name\":\"Mentions l\u00e9gales et confidentialit\u00e9 | Dinette et G\u00e2teaux\",\"isPartOf\":{\"@id\":\"https:\\\/\\\/dinetteetgateaux.fr\\\/gourmandises\\\/#website\"},\"primaryImageOfPage\":{\"@id\":\"https:\\\/\\\/dinetteetgateaux.fr\\\/gourmandises\\\/mentions-legales-et-confidentialite\\\/#primaryimage\"},\"image\":{\"@id\":\"https:\\\/\\\/dinetteetgateaux.fr\\\/gourmandises\\\/mentions-legales-et-confidentialite\\\/#primaryimage\"},\"thumbnailUrl\":\"https:\\\/\\\/dinetteetgateaux.fr\\\/gourmandises\\\/wp-content\\\/uploads\\\/2022\\\/01\\\/cropped-icone-site-2.jpg\",\"datePublished\":\"2023-08-01T07:53:04+00:00\",\"dateModified\":\"2023-08-01T13:29:37+00:00\",\"description\":\"Mentions l\u00e9gales et confidentialit\u00e9 | Dinette et G\u00e2teaux | Gourmandises et p\u00e2tisseries sur mesure | 01600 MISERIEUX | Ain et Rh\u00f4ne | 69\",\"breadcrumb\":{\"@id\":\"https:\\\/\\\/dinetteetgateaux.fr\\\/gourmandises\\\/mentions-legales-et-confidentialite\\\/#breadcrumb\"},\"inLanguage\":\"fr-FR\",\"potentialAction\":[{\"@type\":\"ReadAction\",\"target\":[\"https:\\\/\\\/dinetteetgateaux.fr\\\/gourmandises\\\/mentions-legales-et-confidentialite\\\/\"]}]},{\"@type\":\"ImageObject\",\"inLanguage\":\"fr-FR\",\"@id\":\"https:\\\/\\\/dinetteetgateaux.fr\\\/gourmandises\\\/mentions-legales-et-confidentialite\\\/#primaryimage\",\"url\":\"https:\\\/\\\/dinetteetgateaux.fr\\\/gourmandises\\\/wp-content\\\/uploads\\\/2022\\\/01\\\/cropped-icone-site-2.jpg\",\"contentUrl\":\"https:\\\/\\\/dinetteetgateaux.fr\\\/gourmandises\\\/wp-content\\\/uploads\\\/2022\\\/01\\\/cropped-icone-site-2.jpg\",\"width\":512,\"height\":507},{\"@type\":\"BreadcrumbList\",\"@id\":\"https:\\\/\\\/dinetteetgateaux.fr\\\/gourmandises\\\/mentions-legales-et-confidentialite\\\/#breadcrumb\",\"itemListElement\":[{\"@type\":\"ListItem\",\"position\":1,\"name\":\"Accueil\",\"item\":\"https:\\\/\\\/dinetteetgateaux.fr\\\/gourmandises\\\/\"},{\"@type\":\"ListItem\",\"position\":2,\"name\":\"Mentions l\u00e9gales et confidentialit\u00e9\"}]},{\"@type\":\"WebSite\",\"@id\":\"https:\\\/\\\/dinetteetgateaux.fr\\\/gourmandises\\\/#website\",\"url\":\"https:\\\/\\\/dinetteetgateaux.fr\\\/gourmandises\\\/\",\"name\":\"Dinette et G\u00e2teaux\",\"description\":\"P\u00e2tisseries et gourmandises personnalis\u00e9es | Ain et Rh\u00f4ne | G\u00e2teaux pour vos \u00e9v\u00e9nements, meringues sur mesure | Cake design\",\"publisher\":{\"@id\":\"https:\\\/\\\/dinetteetgateaux.fr\\\/gourmandises\\\/#organization\"},\"alternateName\":\"Gourmandises et p\u00e2tisserie sur mesure\",\"potentialAction\":[{\"@type\":\"SearchAction\",\"target\":{\"@type\":\"EntryPoint\",\"urlTemplate\":\"https:\\\/\\\/dinetteetgateaux.fr\\\/gourmandises\\\/?s={search_term_string}\"},\"query-input\":{\"@type\":\"PropertyValueSpecification\",\"valueRequired\":true,\"valueName\":\"search_term_string\"}}],\"inLanguage\":\"fr-FR\"},{\"@type\":\"Organization\",\"@id\":\"https:\\\/\\\/dinetteetgateaux.fr\\\/gourmandises\\\/#organization\",\"name\":\"Dinette et G\u00e2teaux\",\"url\":\"https:\\\/\\\/dinetteetgateaux.fr\\\/gourmandises\\\/\",\"logo\":{\"@type\":\"ImageObject\",\"inLanguage\":\"fr-FR\",\"@id\":\"https:\\\/\\\/dinetteetgateaux.fr\\\/gourmandises\\\/#\\\/schema\\\/logo\\\/image\\\/\",\"url\":\"https:\\\/\\\/dinetteetgateaux.fr\\\/gourmandises\\\/wp-content\\\/uploads\\\/2023\\\/04\\\/Logo-Dinette-et-Gateaux.png\",\"contentUrl\":\"https:\\\/\\\/dinetteetgateaux.fr\\\/gourmandises\\\/wp-content\\\/uploads\\\/2023\\\/04\\\/Logo-Dinette-et-Gateaux.png\",\"width\":250,\"height\":250,\"caption\":\"Dinette et G\u00e2teaux\"},\"image\":{\"@id\":\"https:\\\/\\\/dinetteetgateaux.fr\\\/gourmandises\\\/#\\\/schema\\\/logo\\\/image\\\/\"},\"sameAs\":[\"https:\\\/\\\/www.facebook.com\\\/dinetteetgateaux\\\/\",\"https:\\\/\\\/www.instagram.com\\\/dinetteetgateaux\\\/\"]}]}<\/script>\n<!-- \/ Yoast SEO plugin. -->","yoast_head_json":{"title":"Mentions l\u00e9gales et confidentialit\u00e9 | Dinette et G\u00e2teaux","description":"Mentions l\u00e9gales et confidentialit\u00e9 | Dinette et G\u00e2teaux | Gourmandises et p\u00e2tisseries sur mesure | 01600 MISERIEUX | Ain et Rh\u00f4ne | 69","robots":{"index":"index","follow":"follow","max-snippet":"max-snippet:-1","max-image-preview":"max-image-preview:large","max-video-preview":"max-video-preview:-1"},"canonical":"https:\/\/dinetteetgateaux.fr\/gourmandises\/mentions-legales-et-confidentialite\/","og_locale":"fr_FR","og_type":"article","og_title":"Mentions l\u00e9gales et confidentialit\u00e9 | Dinette et G\u00e2teaux","og_description":"Mentions l\u00e9gales et confidentialit\u00e9 | Dinette et G\u00e2teaux | Gourmandises et p\u00e2tisseries sur mesure | 01600 MISERIEUX | Ain et Rh\u00f4ne | 69","og_url":"https:\/\/dinetteetgateaux.fr\/gourmandises\/mentions-legales-et-confidentialite\/","og_site_name":"Dinette et Gateaux","article_publisher":"https:\/\/www.facebook.com\/dinetteetgateaux\/","article_modified_time":"2023-08-01T13:29:37+00:00","og_image":[{"width":512,"height":507,"url":"https:\/\/dinetteetgateaux.fr\/gourmandises\/wp-content\/uploads\/2022\/01\/cropped-icone-site-2.jpg","type":"image\/jpeg"}],"twitter_card":"summary_large_image","twitter_misc":{"Dur\u00e9e de lecture estim\u00e9e":"4 minutes"},"schema":{"@context":"https:\/\/schema.org","@graph":[{"@type":"WebPage","@id":"https:\/\/dinetteetgateaux.fr\/gourmandises\/mentions-legales-et-confidentialite\/","url":"https:\/\/dinetteetgateaux.fr\/gourmandises\/mentions-legales-et-confidentialite\/","name":"Mentions l\u00e9gales et confidentialit\u00e9 | Dinette et G\u00e2teaux","isPartOf":{"@id":"https:\/\/dinetteetgateaux.fr\/gourmandises\/#website"},"primaryImageOfPage":{"@id":"https:\/\/dinetteetgateaux.fr\/gourmandises\/mentions-legales-et-confidentialite\/#primaryimage"},"image":{"@id":"https:\/\/dinetteetgateaux.fr\/gourmandises\/mentions-legales-et-confidentialite\/#primaryimage"},"thumbnailUrl":"https:\/\/dinetteetgateaux.fr\/gourmandises\/wp-content\/uploads\/2022\/01\/cropped-icone-site-2.jpg","datePublished":"2023-08-01T07:53:04+00:00","dateModified":"2023-08-01T13:29:37+00:00","description":"Mentions l\u00e9gales et confidentialit\u00e9 | Dinette et G\u00e2teaux | Gourmandises et p\u00e2tisseries sur mesure | 01600 MISERIEUX | Ain et Rh\u00f4ne | 69","breadcrumb":{"@id":"https:\/\/dinetteetgateaux.fr\/gourmandises\/mentions-legales-et-confidentialite\/#breadcrumb"},"inLanguage":"fr-FR","potentialAction":[{"@type":"ReadAction","target":["https:\/\/dinetteetgateaux.fr\/gourmandises\/mentions-legales-et-confidentialite\/"]}]},{"@type":"ImageObject","inLanguage":"fr-FR","@id":"https:\/\/dinetteetgateaux.fr\/gourmandises\/mentions-legales-et-confidentialite\/#primaryimage","url":"https:\/\/dinetteetgateaux.fr\/gourmandises\/wp-content\/uploads\/2022\/01\/cropped-icone-site-2.jpg","contentUrl":"https:\/\/dinetteetgateaux.fr\/gourmandises\/wp-content\/uploads\/2022\/01\/cropped-icone-site-2.jpg","width":512,"height":507},{"@type":"BreadcrumbList","@id":"https:\/\/dinetteetgateaux.fr\/gourmandises\/mentions-legales-et-confidentialite\/#breadcrumb","itemListElement":[{"@type":"ListItem","position":1,"name":"Accueil","item":"https:\/\/dinetteetgateaux.fr\/gourmandises\/"},{"@type":"ListItem","position":2,"name":"Mentions l\u00e9gales et confidentialit\u00e9"}]},{"@type":"WebSite","@id":"https:\/\/dinetteetgateaux.fr\/gourmandises\/#website","url":"https:\/\/dinetteetgateaux.fr\/gourmandises\/","name":"Dinette et G\u00e2teaux","description":"P\u00e2tisseries et gourmandises personnalis\u00e9es | Ain et Rh\u00f4ne | G\u00e2teaux pour vos \u00e9v\u00e9nements, meringues sur mesure | Cake design","publisher":{"@id":"https:\/\/dinetteetgateaux.fr\/gourmandises\/#organization"},"alternateName":"Gourmandises et p\u00e2tisserie sur mesure","potentialAction":[{"@type":"SearchAction","target":{"@type":"EntryPoint","urlTemplate":"https:\/\/dinetteetgateaux.fr\/gourmandises\/?s={search_term_string}"},"query-input":{"@type":"PropertyValueSpecification","valueRequired":true,"valueName":"search_term_string"}}],"inLanguage":"fr-FR"},{"@type":"Organization","@id":"https:\/\/dinetteetgateaux.fr\/gourmandises\/#organization","name":"Dinette et G\u00e2teaux","url":"https:\/\/dinetteetgateaux.fr\/gourmandises\/","logo":{"@type":"ImageObject","inLanguage":"fr-FR","@id":"https:\/\/dinetteetgateaux.fr\/gourmandises\/#\/schema\/logo\/image\/","url":"https:\/\/dinetteetgateaux.fr\/gourmandises\/wp-content\/uploads\/2023\/04\/Logo-Dinette-et-Gateaux.png","contentUrl":"https:\/\/dinetteetgateaux.fr\/gourmandises\/wp-content\/uploads\/2023\/04\/Logo-Dinette-et-Gateaux.png","width":250,"height":250,"caption":"Dinette et G\u00e2teaux"},"image":{"@id":"https:\/\/dinetteetgateaux.fr\/gourmandises\/#\/schema\/logo\/image\/"},"sameAs":["https:\/\/www.facebook.com\/dinetteetgateaux\/","https:\/\/www.instagram.com\/dinetteetgateaux\/"]}]}},"_links":{"self":[{"href":"https:\/\/dinetteetgateaux.fr\/gourmandises\/wp-json\/wp\/v2\/pages\/3921","targetHints":{"allow":["GET"]}}],"collection":[{"href":"https:\/\/dinetteetgateaux.fr\/gourmandises\/wp-json\/wp\/v2\/pages"}],"about":[{"href":"https:\/\/dinetteetgateaux.fr\/gourmandises\/wp-json\/wp\/v2\/types\/page"}],"author":[{"embeddable":true,"href":"https:\/\/dinetteetgateaux.fr\/gourmandises\/wp-json\/wp\/v2\/users\/1"}],"replies":[{"embeddable":true,"href":"https:\/\/dinetteetgateaux.fr\/gourmandises\/wp-json\/wp\/v2\/comments?post=3921"}],"version-history":[{"count":5,"href":"https:\/\/dinetteetgateaux.fr\/gourmandises\/wp-json\/wp\/v2\/pages\/3921\/revisions"}],"predecessor-version":[{"id":3960,"href":"https:\/\/dinetteetgateaux.fr\/gourmandises\/wp-json\/wp\/v2\/pages\/3921\/revisions\/3960"}],"wp:featuredmedia":[{"embeddable":true,"href":"https:\/\/dinetteetgateaux.fr\/gourmandises\/wp-json\/wp\/v2\/media\/58"}],"wp:attachment":[{"href":"https:\/\/dinetteetgateaux.fr\/gourmandises\/wp-json\/wp\/v2\/media?parent=3921"}],"curies":[{"name":"wp","href":"https:\/\/api.w.org\/{rel}","templated":true}]}}