{"id":756,"date":"2023-05-09T17:32:36","date_gmt":"2023-05-09T15:32:36","guid":{"rendered":"https:\/\/dinetteetgateaux.fr\/gourmandises\/?page_id=756"},"modified":"2023-08-01T11:06:13","modified_gmt":"2023-08-01T09:06:13","slug":"qui-suis-je","status":"publish","type":"page","link":"https:\/\/dinetteetgateaux.fr\/gourmandises\/qui-suis-je\/","title":{"rendered":"Qui suis-je ?"},"content":{"rendered":"<p>[et_pb_section fb_built=\u00a0\u00bb1&Prime; _builder_version=\u00a0\u00bb4.21.0&Prime; _module_preset=\u00a0\u00bbdefault\u00a0\u00bb background_image=\u00a0\u00bbhttps:\/\/dinetteetgateaux.fr\/gourmandises\/wp-content\/uploads\/2023\/05\/cookie.png\u00a0\u00bb background_size=\u00a0\u00bbinitial\u00a0\u00bb background_position=\u00a0\u00bbbottom_left\u00a0\u00bb custom_padding=\u00a0\u00bb11px||4px|||\u00a0\u00bb global_colors_info=\u00a0\u00bb{}\u00a0\u00bb][et_pb_row column_structure=\u00a0\u00bb1_2,1_2&Prime; use_custom_gutter=\u00a0\u00bbon\u00a0\u00bb gutter_width=\u00a0\u00bb1&Prime; make_equal=\u00a0\u00bbon\u00a0\u00bb _builder_version=\u00a0\u00bb4.21.0&Prime; _module_preset=\u00a0\u00bbdefault\u00a0\u00bb custom_padding=\u00a0\u00bb16px||0px||false|false\u00a0\u00bb global_colors_info=\u00a0\u00bb{}\u00a0\u00bb][et_pb_column type=\u00a0\u00bb1_2&Prime; _builder_version=\u00a0\u00bb4.21.0&Prime; _module_preset=\u00a0\u00bbdefault\u00a0\u00bb global_colors_info=\u00a0\u00bb{}\u00a0\u00bb][et_pb_text _builder_version=\u00a0\u00bb4.21.0&Prime; _module_preset=\u00a0\u00bbdefault\u00a0\u00bb text_font=\u00a0\u00bbCourgette||||||||\u00a0\u00bb text_text_color=\u00a0\u00bb#BBA3CE\u00a0\u00bb text_font_size=\u00a0\u00bb22px\u00a0\u00bb text_line_height=\u00a0\u00bb1.8em\u00a0\u00bb custom_padding=\u00a0\u00bb||12px||false|false\u00a0\u00bb animation_style=\u00a0\u00bbslide\u00a0\u00bb animation_direction=\u00a0\u00bbtop\u00a0\u00bb global_colors_info=\u00a0\u00bb{}\u00a0\u00bb]<\/p>\n<p>Qui suis-je ?<\/p>\n<p>[\/et_pb_text][\/et_pb_column][et_pb_column type=\u00a0\u00bb1_2&Prime; _builder_version=\u00a0\u00bb4.21.0&Prime; _module_preset=\u00a0\u00bbdefault\u00a0\u00bb global_colors_info=\u00a0\u00bb{}\u00a0\u00bb][\/et_pb_column][\/et_pb_row][et_pb_row column_structure=\u00a0\u00bb1_2,1_2&Prime; use_custom_gutter=\u00a0\u00bbon\u00a0\u00bb gutter_width=\u00a0\u00bb1&Prime; make_equal=\u00a0\u00bbon\u00a0\u00bb _builder_version=\u00a0\u00bb4.21.0&Prime; _module_preset=\u00a0\u00bbdefault\u00a0\u00bb custom_padding=\u00a0\u00bb0px||9px||false|false\u00a0\u00bb global_colors_info=\u00a0\u00bb{}\u00a0\u00bb][et_pb_column type=\u00a0\u00bb1_2&Prime; _builder_version=\u00a0\u00bb4.21.0&Prime; _module_preset=\u00a0\u00bbdefault\u00a0\u00bb global_colors_info=\u00a0\u00bb{}\u00a0\u00bb][et_pb_text _builder_version=\u00a0\u00bb4.21.0&Prime; _module_preset=\u00a0\u00bbdefault\u00a0\u00bb text_font=\u00a0\u00bbOpen Sans|600||||on|||\u00a0\u00bb text_text_color=\u00a0\u00bb#7A509B\u00a0\u00bb text_font_size=\u00a0\u00bb21px\u00a0\u00bb custom_margin=\u00a0\u00bb-2px||0px||false|false\u00a0\u00bb custom_padding=\u00a0\u00bb||0px||false|false\u00a0\u00bb global_colors_info=\u00a0\u00bb{}\u00a0\u00bb]<\/p>\n<p>Je confectionne vos g\u00e2teaux et gourmandises sur mesure<\/p>\n<p>[\/et_pb_text][et_pb_text _builder_version=\u00a0\u00bb4.21.0&Prime; _module_preset=\u00a0\u00bbdefault\u00a0\u00bb custom_padding=\u00a0\u00bb12px||20px||false|false\u00a0\u00bb global_colors_info=\u00a0\u00bb{}\u00a0\u00bb]<\/p>\n<p>Je m\u2019appelle Amandine, j\u2019ai 40 ans, Dinette et g\u00e2teaux est n\u00e9 de ma <strong>passion pour les g\u00e2teaux d\u00e9cor\u00e9s<\/strong> en cr\u00e8me ou en p\u00e2te \u00e0 sucre.<\/p>\n<p>Apr\u00e8s douze ann\u00e9es dans le commerce, j\u2019ai obtenu mon <strong>CAP p\u00e2tisserie<\/strong> en 2020 et j\u2019ai d\u00e9cid\u00e9 de r\u00e9aliser mon r\u00eave en cr\u00e9ant Dinette et G\u00e2teaux.<\/p>\n<p>Afin de travailler dans les normes d\u2019hygi\u00e8ne et de s\u00e9curit\u00e9, j\u2019ai cr\u00e9\u00e9 un <strong>laboratoire professionnel<\/strong> \u00e0 Mis\u00e9rieux, dans l\u2019Ain, dans lequel je confectionne avec amour vos commandes.<br \/>Pour les anniversaires, mariages, r\u00e9unions de famille je r\u00e9alise votre g\u00e2teau et vos gourmandises (cupcakes, meringues\u2026) selon votre th\u00e8me afin de rendre cet \u00e9v\u00e9nement unique.<br \/>J\u2019accompagne \u00e9galement votre entreprise avec des produits personnalis\u00e9s \u00e0 votre image (meringues ou g\u00e2teaux avec votre logo\u2026).<\/p>\n<p><span data-contrast=\"auto\" xml:lang=\"FR-FR\" lang=\"FR-FR\" class=\"TextRun SCXW257314181 BCX0\"><span class=\"NormalTextRun SCXW257314181 BCX0\">En 2023, j\u2019ai remport\u00e9 le<strong> concours national Cake Star 2023<\/strong> pour la cat\u00e9gorie Pi\u00e8ce mont\u00e9e sur l<\/span><span class=\"NormalTextRun SCXW257314181 BCX0\">e<\/span><span class=\"NormalTextRun SCXW257314181 BCX0\"> th\u00e8me <\/span><span class=\"NormalTextRun SCXW257314181 BCX0\">\u00ab\u202f<\/span><span class=\"NormalTextRun SCXW257314181 BCX0\">Ma r\u00e9gion<\/span><span class=\"NormalTextRun SCXW257314181 BCX0\">\u202f\u00bb, j\u2019ai choisi de mettre en avant les symboles de Lyon\u202f: la rencontre du <\/span><span class=\"NormalTextRun SpellingErrorV2Themed SCXW257314181 BCX0\">Rhone<\/span><span class=\"NormalTextRun SCXW257314181 BCX0\"> et de la <\/span><span class=\"NormalTextRun SpellingErrorV2Themed SCXW257314181 BCX0\">Saone<\/span><span class=\"NormalTextRun SCXW257314181 BCX0\">, Guignol et Gnafron, le Lion et la f\u00eate des Lumi\u00e8res.\u00a0<\/span><\/span><span class=\"EOP SCXW257314181 BCX0\" data-ccp-props=\"{&quot;201341983&quot;:0,&quot;335559739&quot;:0,&quot;335559740&quot;:240}\">\u00a0<\/span><\/p>\n<p>[\/et_pb_text][et_pb_blurb use_icon=\u00a0\u00bbon\u00a0\u00bb font_icon=\u00a0\u00bb&#xe06a;||divi||400&Prime; icon_color=\u00a0\u00bb#7A509B\u00a0\u00bb icon_placement=\u00a0\u00bbleft\u00a0\u00bb image_icon_width=\u00a0\u00bb39px\u00a0\u00bb _builder_version=\u00a0\u00bb4.21.0&Prime; _module_preset=\u00a0\u00bbdefault\u00a0\u00bb body_font=\u00a0\u00bbCourgette||||||||\u00a0\u00bb body_text_color=\u00a0\u00bb#7a509b\u00a0\u00bb body_font_size=\u00a0\u00bb16px\u00a0\u00bb body_line_height=\u00a0\u00bb1.8em\u00a0\u00bb background_color=\u00a0\u00bbRGBA(255,255,255,0)\u00a0\u00bb custom_margin=\u00a0\u00bb||-3px|||\u00a0\u00bb custom_padding=\u00a0\u00bb6px|0px|6px|0px|false|false\u00a0\u00bb custom_padding_tablet=\u00a0\u00bb||26px||false|false\u00a0\u00bb custom_padding_phone=\u00a0\u00bb||26px||false|false\u00a0\u00bb custom_padding_last_edited=\u00a0\u00bbon|phone\u00a0\u00bb animation_style=\u00a0\u00bbbounce\u00a0\u00bb animation_duration=\u00a0\u00bb1600ms\u00a0\u00bb border_color_left=\u00a0\u00bb#BBA3CE\u00a0\u00bb border_color_left_image=\u00a0\u00bb#BBA3CE\u00a0\u00bb global_colors_info=\u00a0\u00bb{}\u00a0\u00bb]<\/p>\n<p>Visitez ma boutique en ligne de cr\u00e9ations sur mesure et trouvez l&rsquo;inspiration !\u00a0 <span style=\"text-decoration: underline;\">En savoir +<\/span> &gt;&gt;<\/p>\n<p>[\/et_pb_blurb][\/et_pb_column][et_pb_column type=\u00a0\u00bb1_2&Prime; _builder_version=\u00a0\u00bb4.21.0&Prime; _module_preset=\u00a0\u00bbdefault\u00a0\u00bb global_colors_info=\u00a0\u00bb{}\u00a0\u00bb][et_pb_gallery gallery_ids=\u00a0\u00bb126,2153,3927&Prime; fullwidth=\u00a0\u00bbon\u00a0\u00bb _builder_version=\u00a0\u00bb4.21.0&Prime; _module_preset=\u00a0\u00bbdefault\u00a0\u00bb width=\u00a0\u00bb82%\u00a0\u00bb width_tablet=\u00a0\u00bb90%\u00a0\u00bb width_phone=\u00a0\u00bb100%\u00a0\u00bb width_last_edited=\u00a0\u00bbon|desktop\u00a0\u00bb module_alignment=\u00a0\u00bbcenter\u00a0\u00bb custom_padding=\u00a0\u00bb||0px||false|false\u00a0\u00bb custom_padding_tablet=\u00a0\u00bb||140px||false|false\u00a0\u00bb custom_padding_phone=\u00a0\u00bb||156px||false|false\u00a0\u00bb custom_padding_last_edited=\u00a0\u00bbon|phone\u00a0\u00bb auto=\u00a0\u00bbon\u00a0\u00bb auto_speed=\u00a0\u00bb4000&Prime; global_colors_info=\u00a0\u00bb{}\u00a0\u00bb][\/et_pb_gallery][\/et_pb_column][\/et_pb_row][\/et_pb_section]<\/p>\n","protected":false},"excerpt":{"rendered":"<p>Qui suis-je ?Je confectionne vos g\u00e2teaux et gourmandises sur mesureJe m\u2019appelle Amandine, j\u2019ai 40 ans, Dinette et g\u00e2teaux est n\u00e9 de ma passion pour les g\u00e2teaux d\u00e9cor\u00e9s en cr\u00e8me ou en p\u00e2te \u00e0 sucre. Apr\u00e8s douze ann\u00e9es dans le commerce, j\u2019ai obtenu mon CAP p\u00e2tisserie en 2020 et j\u2019ai d\u00e9cid\u00e9 de r\u00e9aliser mon r\u00eave en [&hellip;]<\/p>\n","protected":false},"author":1,"featured_media":58,"parent":0,"menu_order":0,"comment_status":"closed","ping_status":"closed","template":"","meta":{"_et_pb_use_builder":"on","_et_pb_old_content":"<style>\/*! elementor - v3.6.7 - 03-07-2022 *\/<br \/>\n.elementor-widget-image-carousel .swiper-container{position:static}.elementor-widget-image-carousel .swiper-container .swiper-slide figure{line-height:inherit}.elementor-widget-image-carousel .swiper-slide{text-align:center}.elementor-image-carousel-wrapper:not(.swiper-container-initialized) .swiper-slide{max-width:calc(100% \/ var(--e-image-carousel-slides-to-show, 3))}<\/style>\n<figure><img src=\"https:\/\/dinetteetgateaux.fr\/wp-content\/uploads\/elementor\/thumbs\/IMG_20220606_095347-ppwnrxbbpzdjwieoba0owqf5rtff5fulcrk4hi9tpc.jpg\" alt=\"IMG_20220606_095347\"><\/figure>\n<figure><img src=\"https:\/\/dinetteetgateaux.fr\/wp-content\/uploads\/elementor\/thumbs\/IMG_20220407_205041-ppwnrroakz5tyumv87kxhrue7i77v987bzn7lui6qo.jpg\" alt=\"IMG_20220407_205041\"><\/figure>\n<figure><img src=\"https:\/\/dinetteetgateaux.fr\/wp-content\/uploads\/elementor\/thumbs\/IMG_20220606_095947-ppwnri9womsyqr0ir3insu7s9nhjqa6vyp4ct2w4gw.jpg\" alt=\"IMG_20220606_095947\"><\/figure>\n<figure><img src=\"https:\/\/dinetteetgateaux.fr\/wp-content\/uploads\/elementor\/thumbs\/IMG_20211101_195811-scaled-pj28hwa0bdcxppdsm1zpc4zyr1xmazuplool97gtk0.jpg\" alt=\"IMG_20211101_195811\"><\/figure>\n<a href=\"https:\/\/dinetteetgateaux.fr\/imaginez-le-gateau-de-vos-reves\/\" role=\"button\">\nImaginez le g\u00e2teau de vos r\u00eaves\n<\/a>\n<a href=\"https:\/\/dinetteetgateaux.fr\/decouvrez-mes-autres-gourmandises\/\" role=\"button\">\nD\u00e9couvrez d'autres gourmandises\n<\/a>\n<a href=\"https:\/\/dinetteetgateaux.fr\/trouvez-linspiration-dans-mes-creations\/\" role=\"button\">\nTrouvez l'inspiration dans mes cr\u00e9ations\n<\/a>\n<a href=\"https:\/\/dinetteetgateaux.fr\/contact\/\" role=\"button\">\nDemander un devis ou des informations\n<\/a>\n<a href=\"https:\/\/dinetteetgateaux.fr\/qui-suis-je\/\" role=\"button\">\nQui suis-je ?\n<\/a>\n<a href=\"https:\/\/dinetteetgateaux.fr\/conditions-generales-de-vente\/\" role=\"button\">\nConditions g\u00e9n\u00e9rales de vente\n<\/a>\n\n<a href=\"https:\/\/dinetteetgateaux.fr\/conditions-generales-de-vente\/\">Mentions l\u00e9gales<\/a>\n\n<a href=\"https:\/\/dinetteetgateaux.fr\/politique-de-confidentialite\/\">Politique de confidentialit\u00e9<\/a>","_et_gb_content_width":"1080","footnotes":""},"class_list":["post-756","page","type-page","status-publish","has-post-thumbnail","hentry"],"yoast_head":"<!-- This site is optimized with the Yoast SEO plugin v27.5 - https:\/\/yoast.com\/product\/yoast-seo-wordpress\/ -->\n<title>Qui suis-je ? | Dinette et G\u00e2teaux, gourmandises sur mesure<\/title>\n<meta name=\"description\" content=\"Qui suis-je ? | Dinette et G\u00e2teaux | Gourmandises et p\u00e2tisseries sur mesure | 01600 MISERIEUX | Ain et Rh\u00f4ne | 69\" \/>\n<meta name=\"robots\" content=\"index, follow, max-snippet:-1, max-image-preview:large, max-video-preview:-1\" \/>\n<link rel=\"canonical\" href=\"https:\/\/dinetteetgateaux.fr\/gourmandises\/qui-suis-je\/\" \/>\n<meta property=\"og:locale\" content=\"fr_FR\" \/>\n<meta property=\"og:type\" content=\"article\" \/>\n<meta property=\"og:title\" content=\"Qui suis-je ? | Dinette et G\u00e2teaux, gourmandises sur mesure\" \/>\n<meta property=\"og:description\" content=\"Qui suis-je ? | Dinette et G\u00e2teaux | Gourmandises et p\u00e2tisseries sur mesure | 01600 MISERIEUX | Ain et Rh\u00f4ne | 69\" \/>\n<meta property=\"og:url\" content=\"https:\/\/dinetteetgateaux.fr\/gourmandises\/qui-suis-je\/\" \/>\n<meta property=\"og:site_name\" content=\"Dinette et Gateaux\" \/>\n<meta property=\"article:publisher\" content=\"https:\/\/www.facebook.com\/dinetteetgateaux\/\" \/>\n<meta property=\"article:modified_time\" content=\"2023-08-01T09:06:13+00:00\" \/>\n<meta property=\"og:image\" content=\"https:\/\/dinetteetgateaux.fr\/gourmandises\/wp-content\/uploads\/2022\/01\/cropped-icone-site-2.jpg\" \/>\n\t<meta property=\"og:image:width\" content=\"512\" \/>\n\t<meta property=\"og:image:height\" content=\"507\" \/>\n\t<meta property=\"og:image:type\" content=\"image\/jpeg\" \/>\n<meta name=\"twitter:card\" content=\"summary_large_image\" \/>\n<meta name=\"twitter:label1\" content=\"Dur\u00e9e de lecture estim\u00e9e\" \/>\n\t<meta name=\"twitter:data1\" content=\"3 minutes\" \/>\n<script type=\"application\/ld+json\" class=\"yoast-schema-graph\">{\"@context\":\"https:\\\/\\\/schema.org\",\"@graph\":[{\"@type\":\"WebPage\",\"@id\":\"https:\\\/\\\/dinetteetgateaux.fr\\\/gourmandises\\\/qui-suis-je\\\/\",\"url\":\"https:\\\/\\\/dinetteetgateaux.fr\\\/gourmandises\\\/qui-suis-je\\\/\",\"name\":\"Qui suis-je ? | Dinette et G\u00e2teaux, gourmandises sur mesure\",\"isPartOf\":{\"@id\":\"https:\\\/\\\/dinetteetgateaux.fr\\\/gourmandises\\\/#website\"},\"primaryImageOfPage\":{\"@id\":\"https:\\\/\\\/dinetteetgateaux.fr\\\/gourmandises\\\/qui-suis-je\\\/#primaryimage\"},\"image\":{\"@id\":\"https:\\\/\\\/dinetteetgateaux.fr\\\/gourmandises\\\/qui-suis-je\\\/#primaryimage\"},\"thumbnailUrl\":\"https:\\\/\\\/dinetteetgateaux.fr\\\/gourmandises\\\/wp-content\\\/uploads\\\/2022\\\/01\\\/cropped-icone-site-2.jpg\",\"datePublished\":\"2023-05-09T15:32:36+00:00\",\"dateModified\":\"2023-08-01T09:06:13+00:00\",\"description\":\"Qui suis-je ? | Dinette et G\u00e2teaux | Gourmandises et p\u00e2tisseries sur mesure | 01600 MISERIEUX | Ain et Rh\u00f4ne | 69\",\"breadcrumb\":{\"@id\":\"https:\\\/\\\/dinetteetgateaux.fr\\\/gourmandises\\\/qui-suis-je\\\/#breadcrumb\"},\"inLanguage\":\"fr-FR\",\"potentialAction\":[{\"@type\":\"ReadAction\",\"target\":[\"https:\\\/\\\/dinetteetgateaux.fr\\\/gourmandises\\\/qui-suis-je\\\/\"]}]},{\"@type\":\"ImageObject\",\"inLanguage\":\"fr-FR\",\"@id\":\"https:\\\/\\\/dinetteetgateaux.fr\\\/gourmandises\\\/qui-suis-je\\\/#primaryimage\",\"url\":\"https:\\\/\\\/dinetteetgateaux.fr\\\/gourmandises\\\/wp-content\\\/uploads\\\/2022\\\/01\\\/cropped-icone-site-2.jpg\",\"contentUrl\":\"https:\\\/\\\/dinetteetgateaux.fr\\\/gourmandises\\\/wp-content\\\/uploads\\\/2022\\\/01\\\/cropped-icone-site-2.jpg\",\"width\":512,\"height\":507},{\"@type\":\"BreadcrumbList\",\"@id\":\"https:\\\/\\\/dinetteetgateaux.fr\\\/gourmandises\\\/qui-suis-je\\\/#breadcrumb\",\"itemListElement\":[{\"@type\":\"ListItem\",\"position\":1,\"name\":\"Accueil\",\"item\":\"https:\\\/\\\/dinetteetgateaux.fr\\\/gourmandises\\\/\"},{\"@type\":\"ListItem\",\"position\":2,\"name\":\"Qui suis-je ?\"}]},{\"@type\":\"WebSite\",\"@id\":\"https:\\\/\\\/dinetteetgateaux.fr\\\/gourmandises\\\/#website\",\"url\":\"https:\\\/\\\/dinetteetgateaux.fr\\\/gourmandises\\\/\",\"name\":\"Dinette et G\u00e2teaux\",\"description\":\"P\u00e2tisseries et gourmandises personnalis\u00e9es | Ain et Rh\u00f4ne | G\u00e2teaux pour vos \u00e9v\u00e9nements, meringues sur mesure | Cake design\",\"publisher\":{\"@id\":\"https:\\\/\\\/dinetteetgateaux.fr\\\/gourmandises\\\/#organization\"},\"alternateName\":\"Gourmandises et p\u00e2tisserie sur mesure\",\"potentialAction\":[{\"@type\":\"SearchAction\",\"target\":{\"@type\":\"EntryPoint\",\"urlTemplate\":\"https:\\\/\\\/dinetteetgateaux.fr\\\/gourmandises\\\/?s={search_term_string}\"},\"query-input\":{\"@type\":\"PropertyValueSpecification\",\"valueRequired\":true,\"valueName\":\"search_term_string\"}}],\"inLanguage\":\"fr-FR\"},{\"@type\":\"Organization\",\"@id\":\"https:\\\/\\\/dinetteetgateaux.fr\\\/gourmandises\\\/#organization\",\"name\":\"Dinette et G\u00e2teaux\",\"url\":\"https:\\\/\\\/dinetteetgateaux.fr\\\/gourmandises\\\/\",\"logo\":{\"@type\":\"ImageObject\",\"inLanguage\":\"fr-FR\",\"@id\":\"https:\\\/\\\/dinetteetgateaux.fr\\\/gourmandises\\\/#\\\/schema\\\/logo\\\/image\\\/\",\"url\":\"https:\\\/\\\/dinetteetgateaux.fr\\\/gourmandises\\\/wp-content\\\/uploads\\\/2023\\\/04\\\/Logo-Dinette-et-Gateaux.png\",\"contentUrl\":\"https:\\\/\\\/dinetteetgateaux.fr\\\/gourmandises\\\/wp-content\\\/uploads\\\/2023\\\/04\\\/Logo-Dinette-et-Gateaux.png\",\"width\":250,\"height\":250,\"caption\":\"Dinette et G\u00e2teaux\"},\"image\":{\"@id\":\"https:\\\/\\\/dinetteetgateaux.fr\\\/gourmandises\\\/#\\\/schema\\\/logo\\\/image\\\/\"},\"sameAs\":[\"https:\\\/\\\/www.facebook.com\\\/dinetteetgateaux\\\/\",\"https:\\\/\\\/www.instagram.com\\\/dinetteetgateaux\\\/\"]}]}<\/script>\n<!-- \/ Yoast SEO plugin. -->","yoast_head_json":{"title":"Qui suis-je ? | Dinette et G\u00e2teaux, gourmandises sur mesure","description":"Qui suis-je ? | Dinette et G\u00e2teaux | Gourmandises et p\u00e2tisseries sur mesure | 01600 MISERIEUX | Ain et Rh\u00f4ne | 69","robots":{"index":"index","follow":"follow","max-snippet":"max-snippet:-1","max-image-preview":"max-image-preview:large","max-video-preview":"max-video-preview:-1"},"canonical":"https:\/\/dinetteetgateaux.fr\/gourmandises\/qui-suis-je\/","og_locale":"fr_FR","og_type":"article","og_title":"Qui suis-je ? | Dinette et G\u00e2teaux, gourmandises sur mesure","og_description":"Qui suis-je ? | Dinette et G\u00e2teaux | Gourmandises et p\u00e2tisseries sur mesure | 01600 MISERIEUX | Ain et Rh\u00f4ne | 69","og_url":"https:\/\/dinetteetgateaux.fr\/gourmandises\/qui-suis-je\/","og_site_name":"Dinette et Gateaux","article_publisher":"https:\/\/www.facebook.com\/dinetteetgateaux\/","article_modified_time":"2023-08-01T09:06:13+00:00","og_image":[{"width":512,"height":507,"url":"https:\/\/dinetteetgateaux.fr\/gourmandises\/wp-content\/uploads\/2022\/01\/cropped-icone-site-2.jpg","type":"image\/jpeg"}],"twitter_card":"summary_large_image","twitter_misc":{"Dur\u00e9e de lecture estim\u00e9e":"3 minutes"},"schema":{"@context":"https:\/\/schema.org","@graph":[{"@type":"WebPage","@id":"https:\/\/dinetteetgateaux.fr\/gourmandises\/qui-suis-je\/","url":"https:\/\/dinetteetgateaux.fr\/gourmandises\/qui-suis-je\/","name":"Qui suis-je ? | Dinette et G\u00e2teaux, gourmandises sur mesure","isPartOf":{"@id":"https:\/\/dinetteetgateaux.fr\/gourmandises\/#website"},"primaryImageOfPage":{"@id":"https:\/\/dinetteetgateaux.fr\/gourmandises\/qui-suis-je\/#primaryimage"},"image":{"@id":"https:\/\/dinetteetgateaux.fr\/gourmandises\/qui-suis-je\/#primaryimage"},"thumbnailUrl":"https:\/\/dinetteetgateaux.fr\/gourmandises\/wp-content\/uploads\/2022\/01\/cropped-icone-site-2.jpg","datePublished":"2023-05-09T15:32:36+00:00","dateModified":"2023-08-01T09:06:13+00:00","description":"Qui suis-je ? | Dinette et G\u00e2teaux | Gourmandises et p\u00e2tisseries sur mesure | 01600 MISERIEUX | Ain et Rh\u00f4ne | 69","breadcrumb":{"@id":"https:\/\/dinetteetgateaux.fr\/gourmandises\/qui-suis-je\/#breadcrumb"},"inLanguage":"fr-FR","potentialAction":[{"@type":"ReadAction","target":["https:\/\/dinetteetgateaux.fr\/gourmandises\/qui-suis-je\/"]}]},{"@type":"ImageObject","inLanguage":"fr-FR","@id":"https:\/\/dinetteetgateaux.fr\/gourmandises\/qui-suis-je\/#primaryimage","url":"https:\/\/dinetteetgateaux.fr\/gourmandises\/wp-content\/uploads\/2022\/01\/cropped-icone-site-2.jpg","contentUrl":"https:\/\/dinetteetgateaux.fr\/gourmandises\/wp-content\/uploads\/2022\/01\/cropped-icone-site-2.jpg","width":512,"height":507},{"@type":"BreadcrumbList","@id":"https:\/\/dinetteetgateaux.fr\/gourmandises\/qui-suis-je\/#breadcrumb","itemListElement":[{"@type":"ListItem","position":1,"name":"Accueil","item":"https:\/\/dinetteetgateaux.fr\/gourmandises\/"},{"@type":"ListItem","position":2,"name":"Qui suis-je ?"}]},{"@type":"WebSite","@id":"https:\/\/dinetteetgateaux.fr\/gourmandises\/#website","url":"https:\/\/dinetteetgateaux.fr\/gourmandises\/","name":"Dinette et G\u00e2teaux","description":"P\u00e2tisseries et gourmandises personnalis\u00e9es | Ain et Rh\u00f4ne | G\u00e2teaux pour vos \u00e9v\u00e9nements, meringues sur mesure | Cake design","publisher":{"@id":"https:\/\/dinetteetgateaux.fr\/gourmandises\/#organization"},"alternateName":"Gourmandises et p\u00e2tisserie sur mesure","potentialAction":[{"@type":"SearchAction","target":{"@type":"EntryPoint","urlTemplate":"https:\/\/dinetteetgateaux.fr\/gourmandises\/?s={search_term_string}"},"query-input":{"@type":"PropertyValueSpecification","valueRequired":true,"valueName":"search_term_string"}}],"inLanguage":"fr-FR"},{"@type":"Organization","@id":"https:\/\/dinetteetgateaux.fr\/gourmandises\/#organization","name":"Dinette et G\u00e2teaux","url":"https:\/\/dinetteetgateaux.fr\/gourmandises\/","logo":{"@type":"ImageObject","inLanguage":"fr-FR","@id":"https:\/\/dinetteetgateaux.fr\/gourmandises\/#\/schema\/logo\/image\/","url":"https:\/\/dinetteetgateaux.fr\/gourmandises\/wp-content\/uploads\/2023\/04\/Logo-Dinette-et-Gateaux.png","contentUrl":"https:\/\/dinetteetgateaux.fr\/gourmandises\/wp-content\/uploads\/2023\/04\/Logo-Dinette-et-Gateaux.png","width":250,"height":250,"caption":"Dinette et G\u00e2teaux"},"image":{"@id":"https:\/\/dinetteetgateaux.fr\/gourmandises\/#\/schema\/logo\/image\/"},"sameAs":["https:\/\/www.facebook.com\/dinetteetgateaux\/","https:\/\/www.instagram.com\/dinetteetgateaux\/"]}]}},"_links":{"self":[{"href":"https:\/\/dinetteetgateaux.fr\/gourmandises\/wp-json\/wp\/v2\/pages\/756","targetHints":{"allow":["GET"]}}],"collection":[{"href":"https:\/\/dinetteetgateaux.fr\/gourmandises\/wp-json\/wp\/v2\/pages"}],"about":[{"href":"https:\/\/dinetteetgateaux.fr\/gourmandises\/wp-json\/wp\/v2\/types\/page"}],"author":[{"embeddable":true,"href":"https:\/\/dinetteetgateaux.fr\/gourmandises\/wp-json\/wp\/v2\/users\/1"}],"replies":[{"embeddable":true,"href":"https:\/\/dinetteetgateaux.fr\/gourmandises\/wp-json\/wp\/v2\/comments?post=756"}],"version-history":[{"count":14,"href":"https:\/\/dinetteetgateaux.fr\/gourmandises\/wp-json\/wp\/v2\/pages\/756\/revisions"}],"predecessor-version":[{"id":3931,"href":"https:\/\/dinetteetgateaux.fr\/gourmandises\/wp-json\/wp\/v2\/pages\/756\/revisions\/3931"}],"wp:featuredmedia":[{"embeddable":true,"href":"https:\/\/dinetteetgateaux.fr\/gourmandises\/wp-json\/wp\/v2\/media\/58"}],"wp:attachment":[{"href":"https:\/\/dinetteetgateaux.fr\/gourmandises\/wp-json\/wp\/v2\/media?parent=756"}],"curies":[{"name":"wp","href":"https:\/\/api.w.org\/{rel}","templated":true}]}}