{"id":3207,"date":"2023-07-10T19:01:24","date_gmt":"2023-07-10T17:01:24","guid":{"rendered":"https:\/\/dinetteetgateaux.fr\/gourmandises\/?post_type=product&#038;p=3207"},"modified":"2023-07-13T18:28:10","modified_gmt":"2023-07-13T16:28:10","slug":"naked-cake-gateau-recouvert-de-creme-au-beurre-min-10-parts","status":"publish","type":"product","link":"https:\/\/dinetteetgateaux.fr\/gourmandises\/produit\/naked-cake-gateau-recouvert-de-creme-au-beurre-min-10-parts\/","title":{"rendered":"Naked cake &#8211; G\u00e2teau recouvert de cr\u00e8me au beurre (min. 10 parts)"},"content":{"rendered":"","protected":false},"excerpt":{"rendered":"<p>Pour avoir un premier devis, choisissez :<\/p>\n<ul>\n<li>La saveur de votre g\u00e2teau (si le parfum souhait\u00e9 n\u2019est pas dans la liste, choisissez \u00ab\u202fautre parfum\u202f\u00bb et pr\u00e9cisez la saveur souhait\u00e9e dans la case informations compl\u00e9mentaires),<\/li>\n<li>Un extra si vous le souhaitez\u2026<\/li>\n<li data-leveltext=\"-\" data-font=\"Calibri\" data-listid=\"1\" data-list-defn-props=\"{&quot;335551671&quot;:0,&quot;335552541&quot;:1,&quot;335559684&quot;:-2,&quot;335559685&quot;:720,&quot;335559991&quot;:360,&quot;469769226&quot;:&quot;Calibri&quot;,&quot;469769242&quot;:[8226],&quot;469777803&quot;:&quot;left&quot;,&quot;469777804&quot;:&quot;-&quot;,&quot;469777815&quot;:&quot;hybridMultilevel&quot;}\" aria-setsize=\"-1\" data-aria-posinset=\"0\" data-aria-level=\"1\"><span data-contrast=\"auto\">Indiquez le th\u00e8me souhait\u00e9 dans la case \u00ab\u00a0Informations compl\u00e9mentaires\u00a0\u00bb et si vous avez des photos d\u2019inspiration, vous pourrez me les envoyer une fois votre mail r\u00e9capitulatif re\u00e7u,<\/span><\/li>\n<li data-leveltext=\"-\" data-font=\"Calibri\" data-listid=\"1\" data-list-defn-props=\"{&quot;335551671&quot;:0,&quot;335552541&quot;:1,&quot;335559684&quot;:-2,&quot;335559685&quot;:720,&quot;335559991&quot;:360,&quot;469769226&quot;:&quot;Calibri&quot;,&quot;469769242&quot;:[8226],&quot;469777803&quot;:&quot;left&quot;,&quot;469777804&quot;:&quot;-&quot;,&quot;469777815&quot;:&quot;hybridMultilevel&quot;}\" aria-setsize=\"-1\" data-aria-posinset=\"0\" data-aria-level=\"1\"><span data-contrast=\"auto\">Indiquez \u00e9galement toute information importante, ainsi que la date de retrait souhait\u00e9e.<\/span><span data-ccp-props=\"{&quot;134233117&quot;:true,&quot;134233118&quot;:true,&quot;201341983&quot;:0,&quot;335559740&quot;:240}\">\u00a0<\/span><\/li>\n<\/ul>\n<p>Pour toute demande particuli\u00e8re\u202f: pi\u00e8ce mont\u00e9e, livraison, \u2026. N\u2019h\u00e9sitez pas \u00e0 l\u2019indiquer dans la case informations compl\u00e9mentaires ou envoyer un message dans le formulaire de contact.<\/p>\n<p><strong>Tarif \u00e0 partir de 6,50\u20ac la part<\/strong> (Le tarif d\u00e9pend des saveurs choisies et de la d\u00e9coration souhait\u00e9e)<\/p>\n<p><strong>D\u00e9lai de fabrication : 7 jours<\/strong><\/p>\n<p>\u00c0 r\u00e9ception de ces \u00e9l\u00e9ments, je vous ferai parvenir le devis d\u00e9finitif ainsi qu\u2019une proposition de d\u00e9coration.<\/p>\n<p><strong>Allerg\u00e8nes\u202f:\u00a0Gluten, \u0153ufs, produits laitiers.\u00a0<\/strong><span data-contrast=\"auto\">Les saveurs avec une* contiennent \u00e9galement des fruits \u00e0 coques.<\/span><\/p>\n","protected":false},"featured_media":153,"template":"","meta":{"_et_pb_use_builder":"","_et_pb_old_content":"","_et_gb_content_width":""},"product_brand":[],"product_cat":[43],"product_tag":[],"class_list":{"0":"post-3207","1":"product","2":"type-product","3":"status-publish","4":"has-post-thumbnail","6":"product_cat-gateau-recouvert-de-creme-au-beurre-ou-naked-cake","8":"first","9":"instock","10":"taxable","11":"shipping-taxable","12":"purchasable","13":"product-type-variable","14":"has-default-attributes"},"yoast_head":"<!-- This site is optimized with the Yoast SEO plugin v27.5 - https:\/\/yoast.com\/product\/yoast-seo-wordpress\/ -->\n<title>Naked cake - G\u00e2teau recouvert de cr\u00e8me au beurre (min. 10 parts) |<\/title>\n<meta name=\"description\" content=\"Naked cake - G\u00e2teau recouvert de cr\u00e8me au beurre (min. 10 parts) | Dinette et G\u00e2teaux | Gourmandises et p\u00e2tisseries sur mesure | 01600 MISERIEUX | Lyon\" \/>\n<meta name=\"robots\" content=\"index, follow, max-snippet:-1, max-image-preview:large, max-video-preview:-1\" \/>\n<link rel=\"canonical\" href=\"https:\/\/dinetteetgateaux.fr\/gourmandises\/produit\/naked-cake-gateau-recouvert-de-creme-au-beurre-min-10-parts\/\" \/>\n<meta property=\"og:locale\" content=\"fr_FR\" \/>\n<meta property=\"og:type\" content=\"article\" \/>\n<meta property=\"og:title\" content=\"Naked cake - G\u00e2teau recouvert de cr\u00e8me au beurre (min. 10 parts) |\" \/>\n<meta property=\"og:description\" content=\"Naked cake - G\u00e2teau recouvert de cr\u00e8me au beurre (min. 10 parts) | Dinette et G\u00e2teaux | Gourmandises et p\u00e2tisseries sur mesure | 01600 MISERIEUX | Lyon\" \/>\n<meta property=\"og:url\" content=\"https:\/\/dinetteetgateaux.fr\/gourmandises\/produit\/naked-cake-gateau-recouvert-de-creme-au-beurre-min-10-parts\/\" \/>\n<meta property=\"og:site_name\" content=\"Dinette et Gateaux\" \/>\n<meta property=\"article:publisher\" content=\"https:\/\/www.facebook.com\/dinetteetgateaux\/\" \/>\n<meta property=\"article:modified_time\" content=\"2023-07-13T16:28:10+00:00\" \/>\n<meta property=\"og:image\" content=\"https:\/\/dinetteetgateaux.fr\/gourmandises\/wp-content\/uploads\/2022\/06\/titi.jpg\" \/>\n\t<meta property=\"og:image:width\" content=\"1080\" \/>\n\t<meta property=\"og:image:height\" content=\"1209\" \/>\n\t<meta property=\"og:image:type\" content=\"image\/jpeg\" \/>\n<meta name=\"twitter:card\" content=\"summary_large_image\" \/>\n<script type=\"application\/ld+json\" class=\"yoast-schema-graph\">{\"@context\":\"https:\\\/\\\/schema.org\",\"@graph\":[{\"@type\":\"WebPage\",\"@id\":\"https:\\\/\\\/dinetteetgateaux.fr\\\/gourmandises\\\/produit\\\/naked-cake-gateau-recouvert-de-creme-au-beurre-min-10-parts\\\/\",\"url\":\"https:\\\/\\\/dinetteetgateaux.fr\\\/gourmandises\\\/produit\\\/naked-cake-gateau-recouvert-de-creme-au-beurre-min-10-parts\\\/\",\"name\":\"Naked cake - G\u00e2teau recouvert de cr\u00e8me au beurre (min. 10 parts) |\",\"isPartOf\":{\"@id\":\"https:\\\/\\\/dinetteetgateaux.fr\\\/gourmandises\\\/#website\"},\"primaryImageOfPage\":{\"@id\":\"https:\\\/\\\/dinetteetgateaux.fr\\\/gourmandises\\\/produit\\\/naked-cake-gateau-recouvert-de-creme-au-beurre-min-10-parts\\\/#primaryimage\"},\"image\":{\"@id\":\"https:\\\/\\\/dinetteetgateaux.fr\\\/gourmandises\\\/produit\\\/naked-cake-gateau-recouvert-de-creme-au-beurre-min-10-parts\\\/#primaryimage\"},\"thumbnailUrl\":\"https:\\\/\\\/dinetteetgateaux.fr\\\/gourmandises\\\/wp-content\\\/uploads\\\/2022\\\/06\\\/titi.jpg\",\"datePublished\":\"2023-07-10T17:01:24+00:00\",\"dateModified\":\"2023-07-13T16:28:10+00:00\",\"description\":\"Naked cake - G\u00e2teau recouvert de cr\u00e8me au beurre (min. 10 parts) | Dinette et G\u00e2teaux | Gourmandises et p\u00e2tisseries sur mesure | 01600 MISERIEUX | Lyon\",\"breadcrumb\":{\"@id\":\"https:\\\/\\\/dinetteetgateaux.fr\\\/gourmandises\\\/produit\\\/naked-cake-gateau-recouvert-de-creme-au-beurre-min-10-parts\\\/#breadcrumb\"},\"inLanguage\":\"fr-FR\",\"potentialAction\":[{\"@type\":\"ReadAction\",\"target\":[\"https:\\\/\\\/dinetteetgateaux.fr\\\/gourmandises\\\/produit\\\/naked-cake-gateau-recouvert-de-creme-au-beurre-min-10-parts\\\/\"]}]},{\"@type\":\"ImageObject\",\"inLanguage\":\"fr-FR\",\"@id\":\"https:\\\/\\\/dinetteetgateaux.fr\\\/gourmandises\\\/produit\\\/naked-cake-gateau-recouvert-de-creme-au-beurre-min-10-parts\\\/#primaryimage\",\"url\":\"https:\\\/\\\/dinetteetgateaux.fr\\\/gourmandises\\\/wp-content\\\/uploads\\\/2022\\\/06\\\/titi.jpg\",\"contentUrl\":\"https:\\\/\\\/dinetteetgateaux.fr\\\/gourmandises\\\/wp-content\\\/uploads\\\/2022\\\/06\\\/titi.jpg\",\"width\":1080,\"height\":1209,\"caption\":\"gateau super mario\"},{\"@type\":\"BreadcrumbList\",\"@id\":\"https:\\\/\\\/dinetteetgateaux.fr\\\/gourmandises\\\/produit\\\/naked-cake-gateau-recouvert-de-creme-au-beurre-min-10-parts\\\/#breadcrumb\",\"itemListElement\":[{\"@type\":\"ListItem\",\"position\":1,\"name\":\"Accueil\",\"item\":\"https:\\\/\\\/dinetteetgateaux.fr\\\/gourmandises\\\/\"},{\"@type\":\"ListItem\",\"position\":2,\"name\":\"Boutique\",\"item\":\"https:\\\/\\\/dinetteetgateaux.fr\\\/gourmandises\\\/boutique\\\/\"},{\"@type\":\"ListItem\",\"position\":3,\"name\":\"Imaginez le g\u00e2teau de vos r\u00eaves\",\"item\":\"https:\\\/\\\/dinetteetgateaux.fr\\\/gourmandises\\\/categorie-produit\\\/gateau-de-vos-reves\\\/\"},{\"@type\":\"ListItem\",\"position\":4,\"name\":\"G\u00e2teau recouvert de cr\u00e8me au beurre ou naked cake\",\"item\":\"https:\\\/\\\/dinetteetgateaux.fr\\\/gourmandises\\\/categorie-produit\\\/gateau-de-vos-reves\\\/gateau-recouvert-de-creme-au-beurre-ou-naked-cake\\\/\"},{\"@type\":\"ListItem\",\"position\":5,\"name\":\"Naked cake &#8211; G\u00e2teau recouvert de cr\u00e8me au beurre (min. 10 parts)\"}]},{\"@type\":\"WebSite\",\"@id\":\"https:\\\/\\\/dinetteetgateaux.fr\\\/gourmandises\\\/#website\",\"url\":\"https:\\\/\\\/dinetteetgateaux.fr\\\/gourmandises\\\/\",\"name\":\"Dinette et G\u00e2teaux\",\"description\":\"P\u00e2tisseries et gourmandises personnalis\u00e9es | Ain et Rh\u00f4ne | G\u00e2teaux pour vos \u00e9v\u00e9nements, meringues sur mesure | Cake design\",\"publisher\":{\"@id\":\"https:\\\/\\\/dinetteetgateaux.fr\\\/gourmandises\\\/#organization\"},\"alternateName\":\"Gourmandises et p\u00e2tisserie sur mesure\",\"potentialAction\":[{\"@type\":\"SearchAction\",\"target\":{\"@type\":\"EntryPoint\",\"urlTemplate\":\"https:\\\/\\\/dinetteetgateaux.fr\\\/gourmandises\\\/?s={search_term_string}\"},\"query-input\":{\"@type\":\"PropertyValueSpecification\",\"valueRequired\":true,\"valueName\":\"search_term_string\"}}],\"inLanguage\":\"fr-FR\"},{\"@type\":\"Organization\",\"@id\":\"https:\\\/\\\/dinetteetgateaux.fr\\\/gourmandises\\\/#organization\",\"name\":\"Dinette et G\u00e2teaux\",\"url\":\"https:\\\/\\\/dinetteetgateaux.fr\\\/gourmandises\\\/\",\"logo\":{\"@type\":\"ImageObject\",\"inLanguage\":\"fr-FR\",\"@id\":\"https:\\\/\\\/dinetteetgateaux.fr\\\/gourmandises\\\/#\\\/schema\\\/logo\\\/image\\\/\",\"url\":\"https:\\\/\\\/dinetteetgateaux.fr\\\/gourmandises\\\/wp-content\\\/uploads\\\/2023\\\/04\\\/Logo-Dinette-et-Gateaux.png\",\"contentUrl\":\"https:\\\/\\\/dinetteetgateaux.fr\\\/gourmandises\\\/wp-content\\\/uploads\\\/2023\\\/04\\\/Logo-Dinette-et-Gateaux.png\",\"width\":250,\"height\":250,\"caption\":\"Dinette et G\u00e2teaux\"},\"image\":{\"@id\":\"https:\\\/\\\/dinetteetgateaux.fr\\\/gourmandises\\\/#\\\/schema\\\/logo\\\/image\\\/\"},\"sameAs\":[\"https:\\\/\\\/www.facebook.com\\\/dinetteetgateaux\\\/\",\"https:\\\/\\\/www.instagram.com\\\/dinetteetgateaux\\\/\"]}]}<\/script>\n<!-- \/ Yoast SEO plugin. -->","yoast_head_json":{"title":"Naked cake - G\u00e2teau recouvert de cr\u00e8me au beurre (min. 10 parts) |","description":"Naked cake - G\u00e2teau recouvert de cr\u00e8me au beurre (min. 10 parts) | Dinette et G\u00e2teaux | Gourmandises et p\u00e2tisseries sur mesure | 01600 MISERIEUX | Lyon","robots":{"index":"index","follow":"follow","max-snippet":"max-snippet:-1","max-image-preview":"max-image-preview:large","max-video-preview":"max-video-preview:-1"},"canonical":"https:\/\/dinetteetgateaux.fr\/gourmandises\/produit\/naked-cake-gateau-recouvert-de-creme-au-beurre-min-10-parts\/","og_locale":"fr_FR","og_type":"article","og_title":"Naked cake - G\u00e2teau recouvert de cr\u00e8me au beurre (min. 10 parts) |","og_description":"Naked cake - G\u00e2teau recouvert de cr\u00e8me au beurre (min. 10 parts) | Dinette et G\u00e2teaux | Gourmandises et p\u00e2tisseries sur mesure | 01600 MISERIEUX | Lyon","og_url":"https:\/\/dinetteetgateaux.fr\/gourmandises\/produit\/naked-cake-gateau-recouvert-de-creme-au-beurre-min-10-parts\/","og_site_name":"Dinette et Gateaux","article_publisher":"https:\/\/www.facebook.com\/dinetteetgateaux\/","article_modified_time":"2023-07-13T16:28:10+00:00","og_image":[{"width":1080,"height":1209,"url":"https:\/\/dinetteetgateaux.fr\/gourmandises\/wp-content\/uploads\/2022\/06\/titi.jpg","type":"image\/jpeg"}],"twitter_card":"summary_large_image","schema":{"@context":"https:\/\/schema.org","@graph":[{"@type":"WebPage","@id":"https:\/\/dinetteetgateaux.fr\/gourmandises\/produit\/naked-cake-gateau-recouvert-de-creme-au-beurre-min-10-parts\/","url":"https:\/\/dinetteetgateaux.fr\/gourmandises\/produit\/naked-cake-gateau-recouvert-de-creme-au-beurre-min-10-parts\/","name":"Naked cake - G\u00e2teau recouvert de cr\u00e8me au beurre (min. 10 parts) |","isPartOf":{"@id":"https:\/\/dinetteetgateaux.fr\/gourmandises\/#website"},"primaryImageOfPage":{"@id":"https:\/\/dinetteetgateaux.fr\/gourmandises\/produit\/naked-cake-gateau-recouvert-de-creme-au-beurre-min-10-parts\/#primaryimage"},"image":{"@id":"https:\/\/dinetteetgateaux.fr\/gourmandises\/produit\/naked-cake-gateau-recouvert-de-creme-au-beurre-min-10-parts\/#primaryimage"},"thumbnailUrl":"https:\/\/dinetteetgateaux.fr\/gourmandises\/wp-content\/uploads\/2022\/06\/titi.jpg","datePublished":"2023-07-10T17:01:24+00:00","dateModified":"2023-07-13T16:28:10+00:00","description":"Naked cake - G\u00e2teau recouvert de cr\u00e8me au beurre (min. 10 parts) | Dinette et G\u00e2teaux | Gourmandises et p\u00e2tisseries sur mesure | 01600 MISERIEUX | Lyon","breadcrumb":{"@id":"https:\/\/dinetteetgateaux.fr\/gourmandises\/produit\/naked-cake-gateau-recouvert-de-creme-au-beurre-min-10-parts\/#breadcrumb"},"inLanguage":"fr-FR","potentialAction":[{"@type":"ReadAction","target":["https:\/\/dinetteetgateaux.fr\/gourmandises\/produit\/naked-cake-gateau-recouvert-de-creme-au-beurre-min-10-parts\/"]}]},{"@type":"ImageObject","inLanguage":"fr-FR","@id":"https:\/\/dinetteetgateaux.fr\/gourmandises\/produit\/naked-cake-gateau-recouvert-de-creme-au-beurre-min-10-parts\/#primaryimage","url":"https:\/\/dinetteetgateaux.fr\/gourmandises\/wp-content\/uploads\/2022\/06\/titi.jpg","contentUrl":"https:\/\/dinetteetgateaux.fr\/gourmandises\/wp-content\/uploads\/2022\/06\/titi.jpg","width":1080,"height":1209,"caption":"gateau super mario"},{"@type":"BreadcrumbList","@id":"https:\/\/dinetteetgateaux.fr\/gourmandises\/produit\/naked-cake-gateau-recouvert-de-creme-au-beurre-min-10-parts\/#breadcrumb","itemListElement":[{"@type":"ListItem","position":1,"name":"Accueil","item":"https:\/\/dinetteetgateaux.fr\/gourmandises\/"},{"@type":"ListItem","position":2,"name":"Boutique","item":"https:\/\/dinetteetgateaux.fr\/gourmandises\/boutique\/"},{"@type":"ListItem","position":3,"name":"Imaginez le g\u00e2teau de vos r\u00eaves","item":"https:\/\/dinetteetgateaux.fr\/gourmandises\/categorie-produit\/gateau-de-vos-reves\/"},{"@type":"ListItem","position":4,"name":"G\u00e2teau recouvert de cr\u00e8me au beurre ou naked cake","item":"https:\/\/dinetteetgateaux.fr\/gourmandises\/categorie-produit\/gateau-de-vos-reves\/gateau-recouvert-de-creme-au-beurre-ou-naked-cake\/"},{"@type":"ListItem","position":5,"name":"Naked cake &#8211; G\u00e2teau recouvert de cr\u00e8me au beurre (min. 10 parts)"}]},{"@type":"WebSite","@id":"https:\/\/dinetteetgateaux.fr\/gourmandises\/#website","url":"https:\/\/dinetteetgateaux.fr\/gourmandises\/","name":"Dinette et G\u00e2teaux","description":"P\u00e2tisseries et gourmandises personnalis\u00e9es | Ain et Rh\u00f4ne | G\u00e2teaux pour vos \u00e9v\u00e9nements, meringues sur mesure | Cake design","publisher":{"@id":"https:\/\/dinetteetgateaux.fr\/gourmandises\/#organization"},"alternateName":"Gourmandises et p\u00e2tisserie sur mesure","potentialAction":[{"@type":"SearchAction","target":{"@type":"EntryPoint","urlTemplate":"https:\/\/dinetteetgateaux.fr\/gourmandises\/?s={search_term_string}"},"query-input":{"@type":"PropertyValueSpecification","valueRequired":true,"valueName":"search_term_string"}}],"inLanguage":"fr-FR"},{"@type":"Organization","@id":"https:\/\/dinetteetgateaux.fr\/gourmandises\/#organization","name":"Dinette et G\u00e2teaux","url":"https:\/\/dinetteetgateaux.fr\/gourmandises\/","logo":{"@type":"ImageObject","inLanguage":"fr-FR","@id":"https:\/\/dinetteetgateaux.fr\/gourmandises\/#\/schema\/logo\/image\/","url":"https:\/\/dinetteetgateaux.fr\/gourmandises\/wp-content\/uploads\/2023\/04\/Logo-Dinette-et-Gateaux.png","contentUrl":"https:\/\/dinetteetgateaux.fr\/gourmandises\/wp-content\/uploads\/2023\/04\/Logo-Dinette-et-Gateaux.png","width":250,"height":250,"caption":"Dinette et G\u00e2teaux"},"image":{"@id":"https:\/\/dinetteetgateaux.fr\/gourmandises\/#\/schema\/logo\/image\/"},"sameAs":["https:\/\/www.facebook.com\/dinetteetgateaux\/","https:\/\/www.instagram.com\/dinetteetgateaux\/"]}]}},"_links":{"self":[{"href":"https:\/\/dinetteetgateaux.fr\/gourmandises\/wp-json\/wp\/v2\/product\/3207","targetHints":{"allow":["GET"]}}],"collection":[{"href":"https:\/\/dinetteetgateaux.fr\/gourmandises\/wp-json\/wp\/v2\/product"}],"about":[{"href":"https:\/\/dinetteetgateaux.fr\/gourmandises\/wp-json\/wp\/v2\/types\/product"}],"wp:featuredmedia":[{"embeddable":true,"href":"https:\/\/dinetteetgateaux.fr\/gourmandises\/wp-json\/wp\/v2\/media\/153"}],"wp:attachment":[{"href":"https:\/\/dinetteetgateaux.fr\/gourmandises\/wp-json\/wp\/v2\/media?parent=3207"}],"wp:term":[{"taxonomy":"product_brand","embeddable":true,"href":"https:\/\/dinetteetgateaux.fr\/gourmandises\/wp-json\/wp\/v2\/product_brand?post=3207"},{"taxonomy":"product_cat","embeddable":true,"href":"https:\/\/dinetteetgateaux.fr\/gourmandises\/wp-json\/wp\/v2\/product_cat?post=3207"},{"taxonomy":"product_tag","embeddable":true,"href":"https:\/\/dinetteetgateaux.fr\/gourmandises\/wp-json\/wp\/v2\/product_tag?post=3207"}],"curies":[{"name":"wp","href":"https:\/\/api.w.org\/{rel}","templated":true}]}}