{"id":3422,"date":"2023-07-13T12:10:05","date_gmt":"2023-07-13T10:10:05","guid":{"rendered":"https:\/\/dinetteetgateaux.fr\/gourmandises\/?post_type=product&#038;p=3422"},"modified":"2024-09-20T11:38:58","modified_gmt":"2024-09-20T09:38:58","slug":"pot-garni-de-meringues-personnalisees-merci-maitresse","status":"publish","type":"product","link":"https:\/\/dinetteetgateaux.fr\/gourmandises\/produit\/pot-garni-de-meringues-personnalisees-merci-maitresse\/","title":{"rendered":"Pot garni de meringues personnalis\u00e9es &#8211; Merci Ma\u00eetresse"},"content":{"rendered":"<p>Petit pot en verre garni d&rsquo;un sachet de 14 meringues d\u00e9cor\u00e9es pour remercier la nounou, la ma\u00eetresse, le ma\u00eetre, l&rsquo;ATSEM et toutes les personnes qui ont pris soin de votre enfant tout au long de l&rsquo;ann\u00e9e \ud83e\udde1<\/p>\n","protected":false},"excerpt":{"rendered":"<p>Petit pot en verre garni d&rsquo;un sachet de 14 meringues d\u00e9cor\u00e9es pour remercier la nounou, la ma\u00eetresse, le ma\u00eetre, l&rsquo;ATSEM et toutes les personnes qui ont pris soin de votre enfant tout au long de l&rsquo;ann\u00e9e \ud83e\udde1<\/p>\n","protected":false},"featured_media":3379,"template":"","meta":{"_et_pb_use_builder":"","_et_pb_old_content":"","_et_gb_content_width":""},"product_brand":[],"product_cat":[19,54],"product_tag":[],"class_list":{"0":"post-3422","1":"product","2":"type-product","3":"status-publish","4":"has-post-thumbnail","6":"product_cat-meringues","7":"product_cat-pot-garni-de-meringues","9":"first","10":"instock","11":"taxable","12":"shipping-taxable","13":"purchasable","14":"product-type-variable"},"yoast_head":"<!-- This site is optimized with the Yoast SEO plugin v27.5 - https:\/\/yoast.com\/product\/yoast-seo-wordpress\/ -->\n<title>Pot garni de meringues personnalis\u00e9es - Merci Ma\u00eetresse |<\/title>\n<meta name=\"description\" content=\"Pot garni de meringues personnalis\u00e9es - Merci Ma\u00eetresse | Dinette et G\u00e2teaux | Gourmandises et p\u00e2tisseries sur mesure | 01600 MISERIEUX | Ain et Rh\u00f4ne | 69\" \/>\n<meta name=\"robots\" content=\"index, follow, max-snippet:-1, max-image-preview:large, max-video-preview:-1\" \/>\n<link rel=\"canonical\" href=\"https:\/\/dinetteetgateaux.fr\/gourmandises\/produit\/pot-garni-de-meringues-personnalisees-merci-maitresse\/\" \/>\n<meta property=\"og:locale\" content=\"fr_FR\" \/>\n<meta property=\"og:type\" content=\"article\" \/>\n<meta property=\"og:title\" content=\"Pot garni de meringues personnalis\u00e9es - Merci Ma\u00eetresse |\" \/>\n<meta property=\"og:description\" content=\"Pot garni de meringues personnalis\u00e9es - Merci Ma\u00eetresse | Dinette et G\u00e2teaux | Gourmandises et p\u00e2tisseries sur mesure | 01600 MISERIEUX | Ain et Rh\u00f4ne | 69\" \/>\n<meta property=\"og:url\" content=\"https:\/\/dinetteetgateaux.fr\/gourmandises\/produit\/pot-garni-de-meringues-personnalisees-merci-maitresse\/\" \/>\n<meta property=\"og:site_name\" content=\"Dinette et Gateaux\" \/>\n<meta property=\"article:publisher\" content=\"https:\/\/www.facebook.com\/dinetteetgateaux\/\" \/>\n<meta property=\"article:modified_time\" content=\"2024-09-20T09:38:58+00:00\" \/>\n<meta property=\"og:image\" content=\"https:\/\/dinetteetgateaux.fr\/gourmandises\/wp-content\/uploads\/2023\/05\/pot-merci-maitresse.jpg\" \/>\n\t<meta property=\"og:image:width\" content=\"1920\" \/>\n\t<meta property=\"og:image:height\" content=\"1920\" \/>\n\t<meta property=\"og:image:type\" content=\"image\/jpeg\" \/>\n<meta name=\"twitter:card\" content=\"summary_large_image\" \/>\n<script type=\"application\/ld+json\" class=\"yoast-schema-graph\">{\"@context\":\"https:\\\/\\\/schema.org\",\"@graph\":[{\"@type\":\"WebPage\",\"@id\":\"https:\\\/\\\/dinetteetgateaux.fr\\\/gourmandises\\\/produit\\\/pot-garni-de-meringues-personnalisees-merci-maitresse\\\/\",\"url\":\"https:\\\/\\\/dinetteetgateaux.fr\\\/gourmandises\\\/produit\\\/pot-garni-de-meringues-personnalisees-merci-maitresse\\\/\",\"name\":\"Pot garni de meringues personnalis\u00e9es - Merci Ma\u00eetresse |\",\"isPartOf\":{\"@id\":\"https:\\\/\\\/dinetteetgateaux.fr\\\/gourmandises\\\/#website\"},\"primaryImageOfPage\":{\"@id\":\"https:\\\/\\\/dinetteetgateaux.fr\\\/gourmandises\\\/produit\\\/pot-garni-de-meringues-personnalisees-merci-maitresse\\\/#primaryimage\"},\"image\":{\"@id\":\"https:\\\/\\\/dinetteetgateaux.fr\\\/gourmandises\\\/produit\\\/pot-garni-de-meringues-personnalisees-merci-maitresse\\\/#primaryimage\"},\"thumbnailUrl\":\"https:\\\/\\\/dinetteetgateaux.fr\\\/gourmandises\\\/wp-content\\\/uploads\\\/2023\\\/05\\\/pot-merci-maitresse.jpg\",\"datePublished\":\"2023-07-13T10:10:05+00:00\",\"dateModified\":\"2024-09-20T09:38:58+00:00\",\"description\":\"Pot garni de meringues personnalis\u00e9es - Merci Ma\u00eetresse | Dinette et G\u00e2teaux | Gourmandises et p\u00e2tisseries sur mesure | 01600 MISERIEUX | Ain et Rh\u00f4ne | 69\",\"breadcrumb\":{\"@id\":\"https:\\\/\\\/dinetteetgateaux.fr\\\/gourmandises\\\/produit\\\/pot-garni-de-meringues-personnalisees-merci-maitresse\\\/#breadcrumb\"},\"inLanguage\":\"fr-FR\",\"potentialAction\":[{\"@type\":\"ReadAction\",\"target\":[\"https:\\\/\\\/dinetteetgateaux.fr\\\/gourmandises\\\/produit\\\/pot-garni-de-meringues-personnalisees-merci-maitresse\\\/\"]}]},{\"@type\":\"ImageObject\",\"inLanguage\":\"fr-FR\",\"@id\":\"https:\\\/\\\/dinetteetgateaux.fr\\\/gourmandises\\\/produit\\\/pot-garni-de-meringues-personnalisees-merci-maitresse\\\/#primaryimage\",\"url\":\"https:\\\/\\\/dinetteetgateaux.fr\\\/gourmandises\\\/wp-content\\\/uploads\\\/2023\\\/05\\\/pot-merci-maitresse.jpg\",\"contentUrl\":\"https:\\\/\\\/dinetteetgateaux.fr\\\/gourmandises\\\/wp-content\\\/uploads\\\/2023\\\/05\\\/pot-merci-maitresse.jpg\",\"width\":1920,\"height\":1920,\"caption\":\"Pot de Meringues personnalis\u00e9es - Merci Maitresse - Cadeau personnalis\u00e9 ma\u00eetre et ma\u00eetresse fin d'ann\u00e9e \u00e9cole - Dinette et G\u00e2teaux\"},{\"@type\":\"BreadcrumbList\",\"@id\":\"https:\\\/\\\/dinetteetgateaux.fr\\\/gourmandises\\\/produit\\\/pot-garni-de-meringues-personnalisees-merci-maitresse\\\/#breadcrumb\",\"itemListElement\":[{\"@type\":\"ListItem\",\"position\":1,\"name\":\"Accueil\",\"item\":\"https:\\\/\\\/dinetteetgateaux.fr\\\/gourmandises\\\/\"},{\"@type\":\"ListItem\",\"position\":2,\"name\":\"Boutique\",\"item\":\"https:\\\/\\\/dinetteetgateaux.fr\\\/gourmandises\\\/boutique\\\/\"},{\"@type\":\"ListItem\",\"position\":3,\"name\":\"Meringues\",\"item\":\"https:\\\/\\\/dinetteetgateaux.fr\\\/gourmandises\\\/categorie-produit\\\/meringues\\\/\"},{\"@type\":\"ListItem\",\"position\":4,\"name\":\"Pot garni de meringues personnalis\u00e9es &#8211; Merci Ma\u00eetresse\"}]},{\"@type\":\"WebSite\",\"@id\":\"https:\\\/\\\/dinetteetgateaux.fr\\\/gourmandises\\\/#website\",\"url\":\"https:\\\/\\\/dinetteetgateaux.fr\\\/gourmandises\\\/\",\"name\":\"Dinette et G\u00e2teaux\",\"description\":\"P\u00e2tisseries et gourmandises personnalis\u00e9es | Ain et Rh\u00f4ne | G\u00e2teaux pour vos \u00e9v\u00e9nements, meringues sur mesure | Cake design\",\"publisher\":{\"@id\":\"https:\\\/\\\/dinetteetgateaux.fr\\\/gourmandises\\\/#organization\"},\"alternateName\":\"Gourmandises et p\u00e2tisserie sur mesure\",\"potentialAction\":[{\"@type\":\"SearchAction\",\"target\":{\"@type\":\"EntryPoint\",\"urlTemplate\":\"https:\\\/\\\/dinetteetgateaux.fr\\\/gourmandises\\\/?s={search_term_string}\"},\"query-input\":{\"@type\":\"PropertyValueSpecification\",\"valueRequired\":true,\"valueName\":\"search_term_string\"}}],\"inLanguage\":\"fr-FR\"},{\"@type\":\"Organization\",\"@id\":\"https:\\\/\\\/dinetteetgateaux.fr\\\/gourmandises\\\/#organization\",\"name\":\"Dinette et G\u00e2teaux\",\"url\":\"https:\\\/\\\/dinetteetgateaux.fr\\\/gourmandises\\\/\",\"logo\":{\"@type\":\"ImageObject\",\"inLanguage\":\"fr-FR\",\"@id\":\"https:\\\/\\\/dinetteetgateaux.fr\\\/gourmandises\\\/#\\\/schema\\\/logo\\\/image\\\/\",\"url\":\"https:\\\/\\\/dinetteetgateaux.fr\\\/gourmandises\\\/wp-content\\\/uploads\\\/2023\\\/04\\\/Logo-Dinette-et-Gateaux.png\",\"contentUrl\":\"https:\\\/\\\/dinetteetgateaux.fr\\\/gourmandises\\\/wp-content\\\/uploads\\\/2023\\\/04\\\/Logo-Dinette-et-Gateaux.png\",\"width\":250,\"height\":250,\"caption\":\"Dinette et G\u00e2teaux\"},\"image\":{\"@id\":\"https:\\\/\\\/dinetteetgateaux.fr\\\/gourmandises\\\/#\\\/schema\\\/logo\\\/image\\\/\"},\"sameAs\":[\"https:\\\/\\\/www.facebook.com\\\/dinetteetgateaux\\\/\",\"https:\\\/\\\/www.instagram.com\\\/dinetteetgateaux\\\/\"]}]}<\/script>\n<!-- \/ Yoast SEO plugin. -->","yoast_head_json":{"title":"Pot garni de meringues personnalis\u00e9es - Merci Ma\u00eetresse |","description":"Pot garni de meringues personnalis\u00e9es - Merci Ma\u00eetresse | Dinette et G\u00e2teaux | Gourmandises et p\u00e2tisseries sur mesure | 01600 MISERIEUX | Ain et Rh\u00f4ne | 69","robots":{"index":"index","follow":"follow","max-snippet":"max-snippet:-1","max-image-preview":"max-image-preview:large","max-video-preview":"max-video-preview:-1"},"canonical":"https:\/\/dinetteetgateaux.fr\/gourmandises\/produit\/pot-garni-de-meringues-personnalisees-merci-maitresse\/","og_locale":"fr_FR","og_type":"article","og_title":"Pot garni de meringues personnalis\u00e9es - Merci Ma\u00eetresse |","og_description":"Pot garni de meringues personnalis\u00e9es - Merci Ma\u00eetresse | Dinette et G\u00e2teaux | Gourmandises et p\u00e2tisseries sur mesure | 01600 MISERIEUX | Ain et Rh\u00f4ne | 69","og_url":"https:\/\/dinetteetgateaux.fr\/gourmandises\/produit\/pot-garni-de-meringues-personnalisees-merci-maitresse\/","og_site_name":"Dinette et Gateaux","article_publisher":"https:\/\/www.facebook.com\/dinetteetgateaux\/","article_modified_time":"2024-09-20T09:38:58+00:00","og_image":[{"width":1920,"height":1920,"url":"https:\/\/dinetteetgateaux.fr\/gourmandises\/wp-content\/uploads\/2023\/05\/pot-merci-maitresse.jpg","type":"image\/jpeg"}],"twitter_card":"summary_large_image","schema":{"@context":"https:\/\/schema.org","@graph":[{"@type":"WebPage","@id":"https:\/\/dinetteetgateaux.fr\/gourmandises\/produit\/pot-garni-de-meringues-personnalisees-merci-maitresse\/","url":"https:\/\/dinetteetgateaux.fr\/gourmandises\/produit\/pot-garni-de-meringues-personnalisees-merci-maitresse\/","name":"Pot garni de meringues personnalis\u00e9es - Merci Ma\u00eetresse |","isPartOf":{"@id":"https:\/\/dinetteetgateaux.fr\/gourmandises\/#website"},"primaryImageOfPage":{"@id":"https:\/\/dinetteetgateaux.fr\/gourmandises\/produit\/pot-garni-de-meringues-personnalisees-merci-maitresse\/#primaryimage"},"image":{"@id":"https:\/\/dinetteetgateaux.fr\/gourmandises\/produit\/pot-garni-de-meringues-personnalisees-merci-maitresse\/#primaryimage"},"thumbnailUrl":"https:\/\/dinetteetgateaux.fr\/gourmandises\/wp-content\/uploads\/2023\/05\/pot-merci-maitresse.jpg","datePublished":"2023-07-13T10:10:05+00:00","dateModified":"2024-09-20T09:38:58+00:00","description":"Pot garni de meringues personnalis\u00e9es - Merci Ma\u00eetresse | Dinette et G\u00e2teaux | Gourmandises et p\u00e2tisseries sur mesure | 01600 MISERIEUX | Ain et Rh\u00f4ne | 69","breadcrumb":{"@id":"https:\/\/dinetteetgateaux.fr\/gourmandises\/produit\/pot-garni-de-meringues-personnalisees-merci-maitresse\/#breadcrumb"},"inLanguage":"fr-FR","potentialAction":[{"@type":"ReadAction","target":["https:\/\/dinetteetgateaux.fr\/gourmandises\/produit\/pot-garni-de-meringues-personnalisees-merci-maitresse\/"]}]},{"@type":"ImageObject","inLanguage":"fr-FR","@id":"https:\/\/dinetteetgateaux.fr\/gourmandises\/produit\/pot-garni-de-meringues-personnalisees-merci-maitresse\/#primaryimage","url":"https:\/\/dinetteetgateaux.fr\/gourmandises\/wp-content\/uploads\/2023\/05\/pot-merci-maitresse.jpg","contentUrl":"https:\/\/dinetteetgateaux.fr\/gourmandises\/wp-content\/uploads\/2023\/05\/pot-merci-maitresse.jpg","width":1920,"height":1920,"caption":"Pot de Meringues personnalis\u00e9es - Merci Maitresse - Cadeau personnalis\u00e9 ma\u00eetre et ma\u00eetresse fin d'ann\u00e9e \u00e9cole - Dinette et G\u00e2teaux"},{"@type":"BreadcrumbList","@id":"https:\/\/dinetteetgateaux.fr\/gourmandises\/produit\/pot-garni-de-meringues-personnalisees-merci-maitresse\/#breadcrumb","itemListElement":[{"@type":"ListItem","position":1,"name":"Accueil","item":"https:\/\/dinetteetgateaux.fr\/gourmandises\/"},{"@type":"ListItem","position":2,"name":"Boutique","item":"https:\/\/dinetteetgateaux.fr\/gourmandises\/boutique\/"},{"@type":"ListItem","position":3,"name":"Meringues","item":"https:\/\/dinetteetgateaux.fr\/gourmandises\/categorie-produit\/meringues\/"},{"@type":"ListItem","position":4,"name":"Pot garni de meringues personnalis\u00e9es &#8211; Merci Ma\u00eetresse"}]},{"@type":"WebSite","@id":"https:\/\/dinetteetgateaux.fr\/gourmandises\/#website","url":"https:\/\/dinetteetgateaux.fr\/gourmandises\/","name":"Dinette et G\u00e2teaux","description":"P\u00e2tisseries et gourmandises personnalis\u00e9es | Ain et Rh\u00f4ne | G\u00e2teaux pour vos \u00e9v\u00e9nements, meringues sur mesure | Cake design","publisher":{"@id":"https:\/\/dinetteetgateaux.fr\/gourmandises\/#organization"},"alternateName":"Gourmandises et p\u00e2tisserie sur mesure","potentialAction":[{"@type":"SearchAction","target":{"@type":"EntryPoint","urlTemplate":"https:\/\/dinetteetgateaux.fr\/gourmandises\/?s={search_term_string}"},"query-input":{"@type":"PropertyValueSpecification","valueRequired":true,"valueName":"search_term_string"}}],"inLanguage":"fr-FR"},{"@type":"Organization","@id":"https:\/\/dinetteetgateaux.fr\/gourmandises\/#organization","name":"Dinette et G\u00e2teaux","url":"https:\/\/dinetteetgateaux.fr\/gourmandises\/","logo":{"@type":"ImageObject","inLanguage":"fr-FR","@id":"https:\/\/dinetteetgateaux.fr\/gourmandises\/#\/schema\/logo\/image\/","url":"https:\/\/dinetteetgateaux.fr\/gourmandises\/wp-content\/uploads\/2023\/04\/Logo-Dinette-et-Gateaux.png","contentUrl":"https:\/\/dinetteetgateaux.fr\/gourmandises\/wp-content\/uploads\/2023\/04\/Logo-Dinette-et-Gateaux.png","width":250,"height":250,"caption":"Dinette et G\u00e2teaux"},"image":{"@id":"https:\/\/dinetteetgateaux.fr\/gourmandises\/#\/schema\/logo\/image\/"},"sameAs":["https:\/\/www.facebook.com\/dinetteetgateaux\/","https:\/\/www.instagram.com\/dinetteetgateaux\/"]}]}},"_links":{"self":[{"href":"https:\/\/dinetteetgateaux.fr\/gourmandises\/wp-json\/wp\/v2\/product\/3422","targetHints":{"allow":["GET"]}}],"collection":[{"href":"https:\/\/dinetteetgateaux.fr\/gourmandises\/wp-json\/wp\/v2\/product"}],"about":[{"href":"https:\/\/dinetteetgateaux.fr\/gourmandises\/wp-json\/wp\/v2\/types\/product"}],"wp:featuredmedia":[{"embeddable":true,"href":"https:\/\/dinetteetgateaux.fr\/gourmandises\/wp-json\/wp\/v2\/media\/3379"}],"wp:attachment":[{"href":"https:\/\/dinetteetgateaux.fr\/gourmandises\/wp-json\/wp\/v2\/media?parent=3422"}],"wp:term":[{"taxonomy":"product_brand","embeddable":true,"href":"https:\/\/dinetteetgateaux.fr\/gourmandises\/wp-json\/wp\/v2\/product_brand?post=3422"},{"taxonomy":"product_cat","embeddable":true,"href":"https:\/\/dinetteetgateaux.fr\/gourmandises\/wp-json\/wp\/v2\/product_cat?post=3422"},{"taxonomy":"product_tag","embeddable":true,"href":"https:\/\/dinetteetgateaux.fr\/gourmandises\/wp-json\/wp\/v2\/product_tag?post=3422"}],"curies":[{"name":"wp","href":"https:\/\/api.w.org\/{rel}","templated":true}]}}