{"id":3573,"date":"2023-07-13T16:55:03","date_gmt":"2023-07-13T14:55:03","guid":{"rendered":"https:\/\/dinetteetgateaux.fr\/gourmandises\/?post_type=product&#038;p=3573"},"modified":"2024-09-20T11:33:46","modified_gmt":"2024-09-20T09:33:46","slug":"biscuits-a-peindre-creez-votre-theme-personnalise","status":"publish","type":"product","link":"https:\/\/dinetteetgateaux.fr\/gourmandises\/produit\/biscuits-a-peindre-creez-votre-theme-personnalise\/","title":{"rendered":"Biscuits \u00e0 peindre \u00ab\u00a0Cr\u00e9ez votre th\u00e8me personnalis\u00e9\u00a0\u00bb"},"content":{"rendered":"<p>Cet ensemble constitu\u00e9 d\u2019un biscuit avec un motif et d\u2019une palette de peinture alimentaire permet aux enfants de passer un bon moment durant un go\u00fbter d\u2019anniversaire, un repas de famille\u2026 Vous souhaitez cr\u00e9er un mod\u00e8le sur mesure en rapport avec le th\u00e8me de votre \u00e9v\u00e8nement ? Ajoutez vos inspirations en images et\/ou pr\u00e9cisez votre th\u00e8me dans la section Informations Compl\u00e9mentaires avant d&rsquo;ajouter au panier et je cr\u00e9\u00e9 un pochoir sur mesure \u00e0 votre go\u00fbt !<\/p>\n<p><strong><img decoding=\"async\" class=\"puce lazyloaded\" src=\"https:\/\/dinetteetgateaux.fr\/gourmandises\/wp-content\/uploads\/2023\/05\/min-peindre.png\" alt=\"Biscuits \u00e0 peindre\" width=\"59\" height=\"39\" data-src=\"https:\/\/dinetteetgateaux.fr\/gourmandises\/wp-content\/uploads\/2023\/05\/min-peindre.png\" \/>Taille :\u00a0<\/strong>8 cm + palette<\/p>\n","protected":false},"excerpt":{"rendered":"<p>Cet ensemble constitu\u00e9 d\u2019un biscuit avec un motif et d\u2019une palette de peinture alimentaire permet aux enfants de passer un bon moment durant un go\u00fbter d\u2019anniversaire, un repas de famille\u2026 Vous souhaitez cr\u00e9er un mod\u00e8le sur mesure en rapport avec le th\u00e8me de votre \u00e9v\u00e8nement ? Ajoutez vos inspirations en images et\/ou pr\u00e9cisez votre th\u00e8me [&hellip;]<\/p>\n","protected":false},"featured_media":3552,"template":"","meta":{"_et_pb_use_builder":"","_et_pb_old_content":"","_et_gb_content_width":""},"product_brand":[],"product_cat":[23,29],"product_tag":[],"class_list":{"0":"post-3573","1":"product","2":"type-product","3":"status-publish","4":"has-post-thumbnail","6":"product_cat-biscuits-a-peindre","7":"product_cat-gourmandises-du-moment","9":"first","10":"instock","11":"taxable","12":"shipping-taxable","13":"purchasable","14":"product-type-simple"},"yoast_head":"<!-- This site is optimized with the Yoast SEO plugin v27.5 - https:\/\/yoast.com\/product\/yoast-seo-wordpress\/ -->\n<title>Biscuits \u00e0 peindre &quot;Cr\u00e9ez votre th\u00e8me personnalis\u00e9&quot; |<\/title>\n<meta name=\"description\" content=\"Biscuits \u00e0 peindre &quot;Cr\u00e9ez votre th\u00e8me personnalis\u00e9&quot; | Dinette et G\u00e2teaux | Gourmandises et p\u00e2tisseries sur mesure | 01600 MISERIEUX | Ain et Rh\u00f4ne | 69\" \/>\n<meta name=\"robots\" content=\"index, follow, max-snippet:-1, max-image-preview:large, max-video-preview:-1\" \/>\n<link rel=\"canonical\" href=\"https:\/\/dinetteetgateaux.fr\/gourmandises\/produit\/biscuits-a-peindre-creez-votre-theme-personnalise\/\" \/>\n<meta property=\"og:locale\" content=\"fr_FR\" \/>\n<meta property=\"og:type\" content=\"article\" \/>\n<meta property=\"og:title\" content=\"Biscuits \u00e0 peindre &quot;Cr\u00e9ez votre th\u00e8me personnalis\u00e9&quot; |\" \/>\n<meta property=\"og:description\" content=\"Biscuits \u00e0 peindre &quot;Cr\u00e9ez votre th\u00e8me personnalis\u00e9&quot; | Dinette et G\u00e2teaux | Gourmandises et p\u00e2tisseries sur mesure | 01600 MISERIEUX | Ain et Rh\u00f4ne | 69\" \/>\n<meta property=\"og:url\" content=\"https:\/\/dinetteetgateaux.fr\/gourmandises\/produit\/biscuits-a-peindre-creez-votre-theme-personnalise\/\" \/>\n<meta property=\"og:site_name\" content=\"Dinette et Gateaux\" \/>\n<meta property=\"article:publisher\" content=\"https:\/\/www.facebook.com\/dinetteetgateaux\/\" \/>\n<meta property=\"article:modified_time\" content=\"2024-09-20T09:33:46+00:00\" \/>\n<meta property=\"og:image\" content=\"https:\/\/dinetteetgateaux.fr\/gourmandises\/wp-content\/uploads\/2023\/05\/Biscuits-a-peindre-.jpg\" \/>\n\t<meta property=\"og:image:width\" content=\"1920\" \/>\n\t<meta property=\"og:image:height\" content=\"1920\" \/>\n\t<meta property=\"og:image:type\" content=\"image\/jpeg\" \/>\n<meta name=\"twitter:card\" content=\"summary_large_image\" \/>\n<script type=\"application\/ld+json\" class=\"yoast-schema-graph\">{\"@context\":\"https:\\\/\\\/schema.org\",\"@graph\":[{\"@type\":\"WebPage\",\"@id\":\"https:\\\/\\\/dinetteetgateaux.fr\\\/gourmandises\\\/produit\\\/biscuits-a-peindre-creez-votre-theme-personnalise\\\/\",\"url\":\"https:\\\/\\\/dinetteetgateaux.fr\\\/gourmandises\\\/produit\\\/biscuits-a-peindre-creez-votre-theme-personnalise\\\/\",\"name\":\"Biscuits \u00e0 peindre \\\"Cr\u00e9ez votre th\u00e8me personnalis\u00e9\\\" |\",\"isPartOf\":{\"@id\":\"https:\\\/\\\/dinetteetgateaux.fr\\\/gourmandises\\\/#website\"},\"primaryImageOfPage\":{\"@id\":\"https:\\\/\\\/dinetteetgateaux.fr\\\/gourmandises\\\/produit\\\/biscuits-a-peindre-creez-votre-theme-personnalise\\\/#primaryimage\"},\"image\":{\"@id\":\"https:\\\/\\\/dinetteetgateaux.fr\\\/gourmandises\\\/produit\\\/biscuits-a-peindre-creez-votre-theme-personnalise\\\/#primaryimage\"},\"thumbnailUrl\":\"https:\\\/\\\/dinetteetgateaux.fr\\\/gourmandises\\\/wp-content\\\/uploads\\\/2023\\\/05\\\/Biscuits-a-peindre-.jpg\",\"datePublished\":\"2023-07-13T14:55:03+00:00\",\"dateModified\":\"2024-09-20T09:33:46+00:00\",\"description\":\"Biscuits \u00e0 peindre \\\"Cr\u00e9ez votre th\u00e8me personnalis\u00e9\\\" | Dinette et G\u00e2teaux | Gourmandises et p\u00e2tisseries sur mesure | 01600 MISERIEUX | Ain et Rh\u00f4ne | 69\",\"breadcrumb\":{\"@id\":\"https:\\\/\\\/dinetteetgateaux.fr\\\/gourmandises\\\/produit\\\/biscuits-a-peindre-creez-votre-theme-personnalise\\\/#breadcrumb\"},\"inLanguage\":\"fr-FR\",\"potentialAction\":[{\"@type\":\"ReadAction\",\"target\":[\"https:\\\/\\\/dinetteetgateaux.fr\\\/gourmandises\\\/produit\\\/biscuits-a-peindre-creez-votre-theme-personnalise\\\/\"]}]},{\"@type\":\"ImageObject\",\"inLanguage\":\"fr-FR\",\"@id\":\"https:\\\/\\\/dinetteetgateaux.fr\\\/gourmandises\\\/produit\\\/biscuits-a-peindre-creez-votre-theme-personnalise\\\/#primaryimage\",\"url\":\"https:\\\/\\\/dinetteetgateaux.fr\\\/gourmandises\\\/wp-content\\\/uploads\\\/2023\\\/05\\\/Biscuits-a-peindre-.jpg\",\"contentUrl\":\"https:\\\/\\\/dinetteetgateaux.fr\\\/gourmandises\\\/wp-content\\\/uploads\\\/2023\\\/05\\\/Biscuits-a-peindre-.jpg\",\"width\":1920,\"height\":1920,\"caption\":\"Biscuits \u00e0 peindre - Dinette et G\u00e2teaux\"},{\"@type\":\"BreadcrumbList\",\"@id\":\"https:\\\/\\\/dinetteetgateaux.fr\\\/gourmandises\\\/produit\\\/biscuits-a-peindre-creez-votre-theme-personnalise\\\/#breadcrumb\",\"itemListElement\":[{\"@type\":\"ListItem\",\"position\":1,\"name\":\"Accueil\",\"item\":\"https:\\\/\\\/dinetteetgateaux.fr\\\/gourmandises\\\/\"},{\"@type\":\"ListItem\",\"position\":2,\"name\":\"Boutique\",\"item\":\"https:\\\/\\\/dinetteetgateaux.fr\\\/gourmandises\\\/boutique\\\/\"},{\"@type\":\"ListItem\",\"position\":3,\"name\":\"Biscuits\",\"item\":\"https:\\\/\\\/dinetteetgateaux.fr\\\/gourmandises\\\/categorie-produit\\\/biscuits-a-peindre\\\/\"},{\"@type\":\"ListItem\",\"position\":4,\"name\":\"Biscuits \u00e0 peindre &#8220;Cr\u00e9ez votre th\u00e8me personnalis\u00e9&#8221;\"}]},{\"@type\":\"WebSite\",\"@id\":\"https:\\\/\\\/dinetteetgateaux.fr\\\/gourmandises\\\/#website\",\"url\":\"https:\\\/\\\/dinetteetgateaux.fr\\\/gourmandises\\\/\",\"name\":\"Dinette et G\u00e2teaux\",\"description\":\"P\u00e2tisseries et gourmandises personnalis\u00e9es | Ain et Rh\u00f4ne | G\u00e2teaux pour vos \u00e9v\u00e9nements, meringues sur mesure | Cake design\",\"publisher\":{\"@id\":\"https:\\\/\\\/dinetteetgateaux.fr\\\/gourmandises\\\/#organization\"},\"alternateName\":\"Gourmandises et p\u00e2tisserie sur mesure\",\"potentialAction\":[{\"@type\":\"SearchAction\",\"target\":{\"@type\":\"EntryPoint\",\"urlTemplate\":\"https:\\\/\\\/dinetteetgateaux.fr\\\/gourmandises\\\/?s={search_term_string}\"},\"query-input\":{\"@type\":\"PropertyValueSpecification\",\"valueRequired\":true,\"valueName\":\"search_term_string\"}}],\"inLanguage\":\"fr-FR\"},{\"@type\":\"Organization\",\"@id\":\"https:\\\/\\\/dinetteetgateaux.fr\\\/gourmandises\\\/#organization\",\"name\":\"Dinette et G\u00e2teaux\",\"url\":\"https:\\\/\\\/dinetteetgateaux.fr\\\/gourmandises\\\/\",\"logo\":{\"@type\":\"ImageObject\",\"inLanguage\":\"fr-FR\",\"@id\":\"https:\\\/\\\/dinetteetgateaux.fr\\\/gourmandises\\\/#\\\/schema\\\/logo\\\/image\\\/\",\"url\":\"https:\\\/\\\/dinetteetgateaux.fr\\\/gourmandises\\\/wp-content\\\/uploads\\\/2023\\\/04\\\/Logo-Dinette-et-Gateaux.png\",\"contentUrl\":\"https:\\\/\\\/dinetteetgateaux.fr\\\/gourmandises\\\/wp-content\\\/uploads\\\/2023\\\/04\\\/Logo-Dinette-et-Gateaux.png\",\"width\":250,\"height\":250,\"caption\":\"Dinette et G\u00e2teaux\"},\"image\":{\"@id\":\"https:\\\/\\\/dinetteetgateaux.fr\\\/gourmandises\\\/#\\\/schema\\\/logo\\\/image\\\/\"},\"sameAs\":[\"https:\\\/\\\/www.facebook.com\\\/dinetteetgateaux\\\/\",\"https:\\\/\\\/www.instagram.com\\\/dinetteetgateaux\\\/\"]}]}<\/script>\n<!-- \/ Yoast SEO plugin. -->","yoast_head_json":{"title":"Biscuits \u00e0 peindre \"Cr\u00e9ez votre th\u00e8me personnalis\u00e9\" |","description":"Biscuits \u00e0 peindre \"Cr\u00e9ez votre th\u00e8me personnalis\u00e9\" | Dinette et G\u00e2teaux | Gourmandises et p\u00e2tisseries sur mesure | 01600 MISERIEUX | Ain et Rh\u00f4ne | 69","robots":{"index":"index","follow":"follow","max-snippet":"max-snippet:-1","max-image-preview":"max-image-preview:large","max-video-preview":"max-video-preview:-1"},"canonical":"https:\/\/dinetteetgateaux.fr\/gourmandises\/produit\/biscuits-a-peindre-creez-votre-theme-personnalise\/","og_locale":"fr_FR","og_type":"article","og_title":"Biscuits \u00e0 peindre \"Cr\u00e9ez votre th\u00e8me personnalis\u00e9\" |","og_description":"Biscuits \u00e0 peindre \"Cr\u00e9ez votre th\u00e8me personnalis\u00e9\" | Dinette et G\u00e2teaux | Gourmandises et p\u00e2tisseries sur mesure | 01600 MISERIEUX | Ain et Rh\u00f4ne | 69","og_url":"https:\/\/dinetteetgateaux.fr\/gourmandises\/produit\/biscuits-a-peindre-creez-votre-theme-personnalise\/","og_site_name":"Dinette et Gateaux","article_publisher":"https:\/\/www.facebook.com\/dinetteetgateaux\/","article_modified_time":"2024-09-20T09:33:46+00:00","og_image":[{"width":1920,"height":1920,"url":"https:\/\/dinetteetgateaux.fr\/gourmandises\/wp-content\/uploads\/2023\/05\/Biscuits-a-peindre-.jpg","type":"image\/jpeg"}],"twitter_card":"summary_large_image","schema":{"@context":"https:\/\/schema.org","@graph":[{"@type":"WebPage","@id":"https:\/\/dinetteetgateaux.fr\/gourmandises\/produit\/biscuits-a-peindre-creez-votre-theme-personnalise\/","url":"https:\/\/dinetteetgateaux.fr\/gourmandises\/produit\/biscuits-a-peindre-creez-votre-theme-personnalise\/","name":"Biscuits \u00e0 peindre \"Cr\u00e9ez votre th\u00e8me personnalis\u00e9\" |","isPartOf":{"@id":"https:\/\/dinetteetgateaux.fr\/gourmandises\/#website"},"primaryImageOfPage":{"@id":"https:\/\/dinetteetgateaux.fr\/gourmandises\/produit\/biscuits-a-peindre-creez-votre-theme-personnalise\/#primaryimage"},"image":{"@id":"https:\/\/dinetteetgateaux.fr\/gourmandises\/produit\/biscuits-a-peindre-creez-votre-theme-personnalise\/#primaryimage"},"thumbnailUrl":"https:\/\/dinetteetgateaux.fr\/gourmandises\/wp-content\/uploads\/2023\/05\/Biscuits-a-peindre-.jpg","datePublished":"2023-07-13T14:55:03+00:00","dateModified":"2024-09-20T09:33:46+00:00","description":"Biscuits \u00e0 peindre \"Cr\u00e9ez votre th\u00e8me personnalis\u00e9\" | Dinette et G\u00e2teaux | Gourmandises et p\u00e2tisseries sur mesure | 01600 MISERIEUX | Ain et Rh\u00f4ne | 69","breadcrumb":{"@id":"https:\/\/dinetteetgateaux.fr\/gourmandises\/produit\/biscuits-a-peindre-creez-votre-theme-personnalise\/#breadcrumb"},"inLanguage":"fr-FR","potentialAction":[{"@type":"ReadAction","target":["https:\/\/dinetteetgateaux.fr\/gourmandises\/produit\/biscuits-a-peindre-creez-votre-theme-personnalise\/"]}]},{"@type":"ImageObject","inLanguage":"fr-FR","@id":"https:\/\/dinetteetgateaux.fr\/gourmandises\/produit\/biscuits-a-peindre-creez-votre-theme-personnalise\/#primaryimage","url":"https:\/\/dinetteetgateaux.fr\/gourmandises\/wp-content\/uploads\/2023\/05\/Biscuits-a-peindre-.jpg","contentUrl":"https:\/\/dinetteetgateaux.fr\/gourmandises\/wp-content\/uploads\/2023\/05\/Biscuits-a-peindre-.jpg","width":1920,"height":1920,"caption":"Biscuits \u00e0 peindre - Dinette et G\u00e2teaux"},{"@type":"BreadcrumbList","@id":"https:\/\/dinetteetgateaux.fr\/gourmandises\/produit\/biscuits-a-peindre-creez-votre-theme-personnalise\/#breadcrumb","itemListElement":[{"@type":"ListItem","position":1,"name":"Accueil","item":"https:\/\/dinetteetgateaux.fr\/gourmandises\/"},{"@type":"ListItem","position":2,"name":"Boutique","item":"https:\/\/dinetteetgateaux.fr\/gourmandises\/boutique\/"},{"@type":"ListItem","position":3,"name":"Biscuits","item":"https:\/\/dinetteetgateaux.fr\/gourmandises\/categorie-produit\/biscuits-a-peindre\/"},{"@type":"ListItem","position":4,"name":"Biscuits \u00e0 peindre &#8220;Cr\u00e9ez votre th\u00e8me personnalis\u00e9&#8221;"}]},{"@type":"WebSite","@id":"https:\/\/dinetteetgateaux.fr\/gourmandises\/#website","url":"https:\/\/dinetteetgateaux.fr\/gourmandises\/","name":"Dinette et G\u00e2teaux","description":"P\u00e2tisseries et gourmandises personnalis\u00e9es | Ain et Rh\u00f4ne | G\u00e2teaux pour vos \u00e9v\u00e9nements, meringues sur mesure | Cake design","publisher":{"@id":"https:\/\/dinetteetgateaux.fr\/gourmandises\/#organization"},"alternateName":"Gourmandises et p\u00e2tisserie sur mesure","potentialAction":[{"@type":"SearchAction","target":{"@type":"EntryPoint","urlTemplate":"https:\/\/dinetteetgateaux.fr\/gourmandises\/?s={search_term_string}"},"query-input":{"@type":"PropertyValueSpecification","valueRequired":true,"valueName":"search_term_string"}}],"inLanguage":"fr-FR"},{"@type":"Organization","@id":"https:\/\/dinetteetgateaux.fr\/gourmandises\/#organization","name":"Dinette et G\u00e2teaux","url":"https:\/\/dinetteetgateaux.fr\/gourmandises\/","logo":{"@type":"ImageObject","inLanguage":"fr-FR","@id":"https:\/\/dinetteetgateaux.fr\/gourmandises\/#\/schema\/logo\/image\/","url":"https:\/\/dinetteetgateaux.fr\/gourmandises\/wp-content\/uploads\/2023\/04\/Logo-Dinette-et-Gateaux.png","contentUrl":"https:\/\/dinetteetgateaux.fr\/gourmandises\/wp-content\/uploads\/2023\/04\/Logo-Dinette-et-Gateaux.png","width":250,"height":250,"caption":"Dinette et G\u00e2teaux"},"image":{"@id":"https:\/\/dinetteetgateaux.fr\/gourmandises\/#\/schema\/logo\/image\/"},"sameAs":["https:\/\/www.facebook.com\/dinetteetgateaux\/","https:\/\/www.instagram.com\/dinetteetgateaux\/"]}]}},"_links":{"self":[{"href":"https:\/\/dinetteetgateaux.fr\/gourmandises\/wp-json\/wp\/v2\/product\/3573","targetHints":{"allow":["GET"]}}],"collection":[{"href":"https:\/\/dinetteetgateaux.fr\/gourmandises\/wp-json\/wp\/v2\/product"}],"about":[{"href":"https:\/\/dinetteetgateaux.fr\/gourmandises\/wp-json\/wp\/v2\/types\/product"}],"wp:featuredmedia":[{"embeddable":true,"href":"https:\/\/dinetteetgateaux.fr\/gourmandises\/wp-json\/wp\/v2\/media\/3552"}],"wp:attachment":[{"href":"https:\/\/dinetteetgateaux.fr\/gourmandises\/wp-json\/wp\/v2\/media?parent=3573"}],"wp:term":[{"taxonomy":"product_brand","embeddable":true,"href":"https:\/\/dinetteetgateaux.fr\/gourmandises\/wp-json\/wp\/v2\/product_brand?post=3573"},{"taxonomy":"product_cat","embeddable":true,"href":"https:\/\/dinetteetgateaux.fr\/gourmandises\/wp-json\/wp\/v2\/product_cat?post=3573"},{"taxonomy":"product_tag","embeddable":true,"href":"https:\/\/dinetteetgateaux.fr\/gourmandises\/wp-json\/wp\/v2\/product_tag?post=3573"}],"curies":[{"name":"wp","href":"https:\/\/api.w.org\/{rel}","templated":true}]}}