{"id":4367,"date":"2023-12-01T22:47:39","date_gmt":"2023-12-01T21:47:39","guid":{"rendered":"https:\/\/dinetteetgateaux.fr\/gourmandises\/?post_type=product&#038;p=4367"},"modified":"2024-11-29T11:30:54","modified_gmt":"2024-11-29T10:30:54","slug":"pot-garni-de-meringues-personnalisees-theme-noel","status":"publish","type":"product","link":"https:\/\/dinetteetgateaux.fr\/gourmandises\/produit\/pot-garni-de-meringues-personnalisees-theme-noel\/","title":{"rendered":"Pot garni de meringues personnalis\u00e9es &#8211; th\u00e8me no\u00ebl"},"content":{"rendered":"<p>Petit pot en verre garni d&rsquo;un sachet de 14 meringues dont la moiti\u00e9 sont d\u00e9cor\u00e9es sur le th\u00e8me de No\u00ebl et l&rsquo;autre moiti\u00e9 color\u00e9es.<\/p>\n<p>Attention ce produit est disponible uniquement pour le <strong>retrait au laboratoire<\/strong> \u00e0 Mis\u00e9rieux.<\/p>\n","protected":false},"excerpt":{"rendered":"<p>Petit pot en verre garni d&rsquo;un sachet de 14 meringues dont la moiti\u00e9 sont d\u00e9cor\u00e9es sur le th\u00e8me de No\u00ebl et l&rsquo;autre moiti\u00e9 color\u00e9es. Attention ce produit est disponible uniquement pour le retrait au laboratoire \u00e0 Mis\u00e9rieux.<\/p>\n","protected":false},"featured_media":4342,"template":"","meta":{"_et_pb_use_builder":"","_et_pb_old_content":"","_et_gb_content_width":""},"product_brand":[],"product_cat":[19,54],"product_tag":[],"class_list":{"0":"post-4367","1":"product","2":"type-product","3":"status-publish","4":"has-post-thumbnail","6":"product_cat-meringues","7":"product_cat-pot-garni-de-meringues","9":"first","10":"instock","11":"taxable","12":"shipping-taxable","13":"purchasable","14":"product-type-simple"},"yoast_head":"<!-- This site is optimized with the Yoast SEO plugin v27.5 - https:\/\/yoast.com\/product\/yoast-seo-wordpress\/ -->\n<title>Pot garni de meringues personnalis\u00e9es - th\u00e8me no\u00ebl |<\/title>\n<meta name=\"description\" content=\"Pot garni de meringues personnalis\u00e9es - th\u00e8me no\u00ebl | Dinette et G\u00e2teaux | Gourmandises et p\u00e2tisseries sur mesure | 01600 MISERIEUX | Ain et Rh\u00f4ne | 69\" \/>\n<meta name=\"robots\" content=\"index, follow, max-snippet:-1, max-image-preview:large, max-video-preview:-1\" \/>\n<link rel=\"canonical\" href=\"https:\/\/dinetteetgateaux.fr\/gourmandises\/produit\/pot-garni-de-meringues-personnalisees-theme-noel\/\" \/>\n<meta property=\"og:locale\" content=\"fr_FR\" \/>\n<meta property=\"og:type\" content=\"article\" \/>\n<meta property=\"og:title\" content=\"Pot garni de meringues personnalis\u00e9es - th\u00e8me no\u00ebl |\" \/>\n<meta property=\"og:description\" content=\"Pot garni de meringues personnalis\u00e9es - th\u00e8me no\u00ebl | Dinette et G\u00e2teaux | Gourmandises et p\u00e2tisseries sur mesure | 01600 MISERIEUX | Ain et Rh\u00f4ne | 69\" \/>\n<meta property=\"og:url\" content=\"https:\/\/dinetteetgateaux.fr\/gourmandises\/produit\/pot-garni-de-meringues-personnalisees-theme-noel\/\" \/>\n<meta property=\"og:site_name\" content=\"Dinette et Gateaux\" \/>\n<meta property=\"article:publisher\" content=\"https:\/\/www.facebook.com\/dinetteetgateaux\/\" \/>\n<meta property=\"article:modified_time\" content=\"2024-11-29T10:30:54+00:00\" \/>\n<meta property=\"og:image\" content=\"https:\/\/dinetteetgateaux.fr\/gourmandises\/wp-content\/uploads\/2023\/12\/IMG_20231201_212132.jpg\" \/>\n\t<meta property=\"og:image:width\" content=\"1920\" \/>\n\t<meta property=\"og:image:height\" content=\"1920\" \/>\n\t<meta property=\"og:image:type\" content=\"image\/jpeg\" \/>\n<meta name=\"twitter:card\" content=\"summary_large_image\" \/>\n<script type=\"application\/ld+json\" class=\"yoast-schema-graph\">{\"@context\":\"https:\\\/\\\/schema.org\",\"@graph\":[{\"@type\":\"WebPage\",\"@id\":\"https:\\\/\\\/dinetteetgateaux.fr\\\/gourmandises\\\/produit\\\/pot-garni-de-meringues-personnalisees-theme-noel\\\/\",\"url\":\"https:\\\/\\\/dinetteetgateaux.fr\\\/gourmandises\\\/produit\\\/pot-garni-de-meringues-personnalisees-theme-noel\\\/\",\"name\":\"Pot garni de meringues personnalis\u00e9es - th\u00e8me no\u00ebl |\",\"isPartOf\":{\"@id\":\"https:\\\/\\\/dinetteetgateaux.fr\\\/gourmandises\\\/#website\"},\"primaryImageOfPage\":{\"@id\":\"https:\\\/\\\/dinetteetgateaux.fr\\\/gourmandises\\\/produit\\\/pot-garni-de-meringues-personnalisees-theme-noel\\\/#primaryimage\"},\"image\":{\"@id\":\"https:\\\/\\\/dinetteetgateaux.fr\\\/gourmandises\\\/produit\\\/pot-garni-de-meringues-personnalisees-theme-noel\\\/#primaryimage\"},\"thumbnailUrl\":\"https:\\\/\\\/dinetteetgateaux.fr\\\/gourmandises\\\/wp-content\\\/uploads\\\/2023\\\/12\\\/IMG_20231201_212132.jpg\",\"datePublished\":\"2023-12-01T21:47:39+00:00\",\"dateModified\":\"2024-11-29T10:30:54+00:00\",\"description\":\"Pot garni de meringues personnalis\u00e9es - th\u00e8me no\u00ebl | Dinette et G\u00e2teaux | Gourmandises et p\u00e2tisseries sur mesure | 01600 MISERIEUX | Ain et Rh\u00f4ne | 69\",\"breadcrumb\":{\"@id\":\"https:\\\/\\\/dinetteetgateaux.fr\\\/gourmandises\\\/produit\\\/pot-garni-de-meringues-personnalisees-theme-noel\\\/#breadcrumb\"},\"inLanguage\":\"fr-FR\",\"potentialAction\":[{\"@type\":\"ReadAction\",\"target\":[\"https:\\\/\\\/dinetteetgateaux.fr\\\/gourmandises\\\/produit\\\/pot-garni-de-meringues-personnalisees-theme-noel\\\/\"]}]},{\"@type\":\"ImageObject\",\"inLanguage\":\"fr-FR\",\"@id\":\"https:\\\/\\\/dinetteetgateaux.fr\\\/gourmandises\\\/produit\\\/pot-garni-de-meringues-personnalisees-theme-noel\\\/#primaryimage\",\"url\":\"https:\\\/\\\/dinetteetgateaux.fr\\\/gourmandises\\\/wp-content\\\/uploads\\\/2023\\\/12\\\/IMG_20231201_212132.jpg\",\"contentUrl\":\"https:\\\/\\\/dinetteetgateaux.fr\\\/gourmandises\\\/wp-content\\\/uploads\\\/2023\\\/12\\\/IMG_20231201_212132.jpg\",\"width\":1920,\"height\":1920},{\"@type\":\"BreadcrumbList\",\"@id\":\"https:\\\/\\\/dinetteetgateaux.fr\\\/gourmandises\\\/produit\\\/pot-garni-de-meringues-personnalisees-theme-noel\\\/#breadcrumb\",\"itemListElement\":[{\"@type\":\"ListItem\",\"position\":1,\"name\":\"Accueil\",\"item\":\"https:\\\/\\\/dinetteetgateaux.fr\\\/gourmandises\\\/\"},{\"@type\":\"ListItem\",\"position\":2,\"name\":\"Boutique\",\"item\":\"https:\\\/\\\/dinetteetgateaux.fr\\\/gourmandises\\\/boutique\\\/\"},{\"@type\":\"ListItem\",\"position\":3,\"name\":\"Meringues\",\"item\":\"https:\\\/\\\/dinetteetgateaux.fr\\\/gourmandises\\\/categorie-produit\\\/meringues\\\/\"},{\"@type\":\"ListItem\",\"position\":4,\"name\":\"Pot garni de meringues personnalis\u00e9es &#8211; th\u00e8me no\u00ebl\"}]},{\"@type\":\"WebSite\",\"@id\":\"https:\\\/\\\/dinetteetgateaux.fr\\\/gourmandises\\\/#website\",\"url\":\"https:\\\/\\\/dinetteetgateaux.fr\\\/gourmandises\\\/\",\"name\":\"Dinette et G\u00e2teaux\",\"description\":\"P\u00e2tisseries et gourmandises personnalis\u00e9es | Ain et Rh\u00f4ne | G\u00e2teaux pour vos \u00e9v\u00e9nements, meringues sur mesure | Cake design\",\"publisher\":{\"@id\":\"https:\\\/\\\/dinetteetgateaux.fr\\\/gourmandises\\\/#organization\"},\"alternateName\":\"Gourmandises et p\u00e2tisserie sur mesure\",\"potentialAction\":[{\"@type\":\"SearchAction\",\"target\":{\"@type\":\"EntryPoint\",\"urlTemplate\":\"https:\\\/\\\/dinetteetgateaux.fr\\\/gourmandises\\\/?s={search_term_string}\"},\"query-input\":{\"@type\":\"PropertyValueSpecification\",\"valueRequired\":true,\"valueName\":\"search_term_string\"}}],\"inLanguage\":\"fr-FR\"},{\"@type\":\"Organization\",\"@id\":\"https:\\\/\\\/dinetteetgateaux.fr\\\/gourmandises\\\/#organization\",\"name\":\"Dinette et G\u00e2teaux\",\"url\":\"https:\\\/\\\/dinetteetgateaux.fr\\\/gourmandises\\\/\",\"logo\":{\"@type\":\"ImageObject\",\"inLanguage\":\"fr-FR\",\"@id\":\"https:\\\/\\\/dinetteetgateaux.fr\\\/gourmandises\\\/#\\\/schema\\\/logo\\\/image\\\/\",\"url\":\"https:\\\/\\\/dinetteetgateaux.fr\\\/gourmandises\\\/wp-content\\\/uploads\\\/2023\\\/04\\\/Logo-Dinette-et-Gateaux.png\",\"contentUrl\":\"https:\\\/\\\/dinetteetgateaux.fr\\\/gourmandises\\\/wp-content\\\/uploads\\\/2023\\\/04\\\/Logo-Dinette-et-Gateaux.png\",\"width\":250,\"height\":250,\"caption\":\"Dinette et G\u00e2teaux\"},\"image\":{\"@id\":\"https:\\\/\\\/dinetteetgateaux.fr\\\/gourmandises\\\/#\\\/schema\\\/logo\\\/image\\\/\"},\"sameAs\":[\"https:\\\/\\\/www.facebook.com\\\/dinetteetgateaux\\\/\",\"https:\\\/\\\/www.instagram.com\\\/dinetteetgateaux\\\/\"]}]}<\/script>\n<!-- \/ Yoast SEO plugin. -->","yoast_head_json":{"title":"Pot garni de meringues personnalis\u00e9es - th\u00e8me no\u00ebl |","description":"Pot garni de meringues personnalis\u00e9es - th\u00e8me no\u00ebl | Dinette et G\u00e2teaux | Gourmandises et p\u00e2tisseries sur mesure | 01600 MISERIEUX | Ain et Rh\u00f4ne | 69","robots":{"index":"index","follow":"follow","max-snippet":"max-snippet:-1","max-image-preview":"max-image-preview:large","max-video-preview":"max-video-preview:-1"},"canonical":"https:\/\/dinetteetgateaux.fr\/gourmandises\/produit\/pot-garni-de-meringues-personnalisees-theme-noel\/","og_locale":"fr_FR","og_type":"article","og_title":"Pot garni de meringues personnalis\u00e9es - th\u00e8me no\u00ebl |","og_description":"Pot garni de meringues personnalis\u00e9es - th\u00e8me no\u00ebl | Dinette et G\u00e2teaux | Gourmandises et p\u00e2tisseries sur mesure | 01600 MISERIEUX | Ain et Rh\u00f4ne | 69","og_url":"https:\/\/dinetteetgateaux.fr\/gourmandises\/produit\/pot-garni-de-meringues-personnalisees-theme-noel\/","og_site_name":"Dinette et Gateaux","article_publisher":"https:\/\/www.facebook.com\/dinetteetgateaux\/","article_modified_time":"2024-11-29T10:30:54+00:00","og_image":[{"width":1920,"height":1920,"url":"https:\/\/dinetteetgateaux.fr\/gourmandises\/wp-content\/uploads\/2023\/12\/IMG_20231201_212132.jpg","type":"image\/jpeg"}],"twitter_card":"summary_large_image","schema":{"@context":"https:\/\/schema.org","@graph":[{"@type":"WebPage","@id":"https:\/\/dinetteetgateaux.fr\/gourmandises\/produit\/pot-garni-de-meringues-personnalisees-theme-noel\/","url":"https:\/\/dinetteetgateaux.fr\/gourmandises\/produit\/pot-garni-de-meringues-personnalisees-theme-noel\/","name":"Pot garni de meringues personnalis\u00e9es - th\u00e8me no\u00ebl |","isPartOf":{"@id":"https:\/\/dinetteetgateaux.fr\/gourmandises\/#website"},"primaryImageOfPage":{"@id":"https:\/\/dinetteetgateaux.fr\/gourmandises\/produit\/pot-garni-de-meringues-personnalisees-theme-noel\/#primaryimage"},"image":{"@id":"https:\/\/dinetteetgateaux.fr\/gourmandises\/produit\/pot-garni-de-meringues-personnalisees-theme-noel\/#primaryimage"},"thumbnailUrl":"https:\/\/dinetteetgateaux.fr\/gourmandises\/wp-content\/uploads\/2023\/12\/IMG_20231201_212132.jpg","datePublished":"2023-12-01T21:47:39+00:00","dateModified":"2024-11-29T10:30:54+00:00","description":"Pot garni de meringues personnalis\u00e9es - th\u00e8me no\u00ebl | Dinette et G\u00e2teaux | Gourmandises et p\u00e2tisseries sur mesure | 01600 MISERIEUX | Ain et Rh\u00f4ne | 69","breadcrumb":{"@id":"https:\/\/dinetteetgateaux.fr\/gourmandises\/produit\/pot-garni-de-meringues-personnalisees-theme-noel\/#breadcrumb"},"inLanguage":"fr-FR","potentialAction":[{"@type":"ReadAction","target":["https:\/\/dinetteetgateaux.fr\/gourmandises\/produit\/pot-garni-de-meringues-personnalisees-theme-noel\/"]}]},{"@type":"ImageObject","inLanguage":"fr-FR","@id":"https:\/\/dinetteetgateaux.fr\/gourmandises\/produit\/pot-garni-de-meringues-personnalisees-theme-noel\/#primaryimage","url":"https:\/\/dinetteetgateaux.fr\/gourmandises\/wp-content\/uploads\/2023\/12\/IMG_20231201_212132.jpg","contentUrl":"https:\/\/dinetteetgateaux.fr\/gourmandises\/wp-content\/uploads\/2023\/12\/IMG_20231201_212132.jpg","width":1920,"height":1920},{"@type":"BreadcrumbList","@id":"https:\/\/dinetteetgateaux.fr\/gourmandises\/produit\/pot-garni-de-meringues-personnalisees-theme-noel\/#breadcrumb","itemListElement":[{"@type":"ListItem","position":1,"name":"Accueil","item":"https:\/\/dinetteetgateaux.fr\/gourmandises\/"},{"@type":"ListItem","position":2,"name":"Boutique","item":"https:\/\/dinetteetgateaux.fr\/gourmandises\/boutique\/"},{"@type":"ListItem","position":3,"name":"Meringues","item":"https:\/\/dinetteetgateaux.fr\/gourmandises\/categorie-produit\/meringues\/"},{"@type":"ListItem","position":4,"name":"Pot garni de meringues personnalis\u00e9es &#8211; th\u00e8me no\u00ebl"}]},{"@type":"WebSite","@id":"https:\/\/dinetteetgateaux.fr\/gourmandises\/#website","url":"https:\/\/dinetteetgateaux.fr\/gourmandises\/","name":"Dinette et G\u00e2teaux","description":"P\u00e2tisseries et gourmandises personnalis\u00e9es | Ain et Rh\u00f4ne | G\u00e2teaux pour vos \u00e9v\u00e9nements, meringues sur mesure | Cake design","publisher":{"@id":"https:\/\/dinetteetgateaux.fr\/gourmandises\/#organization"},"alternateName":"Gourmandises et p\u00e2tisserie sur mesure","potentialAction":[{"@type":"SearchAction","target":{"@type":"EntryPoint","urlTemplate":"https:\/\/dinetteetgateaux.fr\/gourmandises\/?s={search_term_string}"},"query-input":{"@type":"PropertyValueSpecification","valueRequired":true,"valueName":"search_term_string"}}],"inLanguage":"fr-FR"},{"@type":"Organization","@id":"https:\/\/dinetteetgateaux.fr\/gourmandises\/#organization","name":"Dinette et G\u00e2teaux","url":"https:\/\/dinetteetgateaux.fr\/gourmandises\/","logo":{"@type":"ImageObject","inLanguage":"fr-FR","@id":"https:\/\/dinetteetgateaux.fr\/gourmandises\/#\/schema\/logo\/image\/","url":"https:\/\/dinetteetgateaux.fr\/gourmandises\/wp-content\/uploads\/2023\/04\/Logo-Dinette-et-Gateaux.png","contentUrl":"https:\/\/dinetteetgateaux.fr\/gourmandises\/wp-content\/uploads\/2023\/04\/Logo-Dinette-et-Gateaux.png","width":250,"height":250,"caption":"Dinette et G\u00e2teaux"},"image":{"@id":"https:\/\/dinetteetgateaux.fr\/gourmandises\/#\/schema\/logo\/image\/"},"sameAs":["https:\/\/www.facebook.com\/dinetteetgateaux\/","https:\/\/www.instagram.com\/dinetteetgateaux\/"]}]}},"_links":{"self":[{"href":"https:\/\/dinetteetgateaux.fr\/gourmandises\/wp-json\/wp\/v2\/product\/4367","targetHints":{"allow":["GET"]}}],"collection":[{"href":"https:\/\/dinetteetgateaux.fr\/gourmandises\/wp-json\/wp\/v2\/product"}],"about":[{"href":"https:\/\/dinetteetgateaux.fr\/gourmandises\/wp-json\/wp\/v2\/types\/product"}],"wp:featuredmedia":[{"embeddable":true,"href":"https:\/\/dinetteetgateaux.fr\/gourmandises\/wp-json\/wp\/v2\/media\/4342"}],"wp:attachment":[{"href":"https:\/\/dinetteetgateaux.fr\/gourmandises\/wp-json\/wp\/v2\/media?parent=4367"}],"wp:term":[{"taxonomy":"product_brand","embeddable":true,"href":"https:\/\/dinetteetgateaux.fr\/gourmandises\/wp-json\/wp\/v2\/product_brand?post=4367"},{"taxonomy":"product_cat","embeddable":true,"href":"https:\/\/dinetteetgateaux.fr\/gourmandises\/wp-json\/wp\/v2\/product_cat?post=4367"},{"taxonomy":"product_tag","embeddable":true,"href":"https:\/\/dinetteetgateaux.fr\/gourmandises\/wp-json\/wp\/v2\/product_tag?post=4367"}],"curies":[{"name":"wp","href":"https:\/\/api.w.org\/{rel}","templated":true}]}}